{"id":1188,"date":"2025-12-15T15:24:39","date_gmt":"2025-12-15T15:24:39","guid":{"rendered":"https:\/\/salmansfurniture.com\/tr\/?page_id=1188"},"modified":"2025-12-26T07:53:04","modified_gmt":"2025-12-26T07:53:04","slug":"seacoast-villa","status":"publish","type":"page","link":"https:\/\/salmansfurniture.com\/tr\/seacoast-villa\/","title":{"rendered":"SEACOAST VILLA"},"content":{"rendered":"\t\t<div data-elementor-type=\"wp-page\" data-elementor-id=\"1188\" class=\"elementor elementor-1188\">\n\t\t\t\t\t\t<section class=\"elementor-section elementor-top-section elementor-element elementor-element-e195274 elementor-section-full_width elementor-section-stretched elementor-section-height-default elementor-section-height-default\" data-id=\"e195274\" data-element_type=\"section\" data-e-type=\"section\" data-settings=\"{&quot;stretch_section&quot;:&quot;section-stretched&quot;,&quot;background_background&quot;:&quot;classic&quot;}\">\n\t\t\t\t\t\t<div class=\"elementor-container elementor-column-gap-default\">\n\t\t\t\t\t<div class=\"elementor-column elementor-col-100 elementor-top-column elementor-element elementor-element-a00c03d\" data-id=\"a00c03d\" data-element_type=\"column\" data-e-type=\"column\">\n\t\t\t<div class=\"elementor-widget-wrap elementor-element-populated\">\n\t\t\t\t\t\t<div class=\"elementor-element elementor-element-4ccc7f8b elementor-widget elementor-widget-spacer\" data-id=\"4ccc7f8b\" data-element_type=\"widget\" data-e-type=\"widget\" data-widget_type=\"spacer.default\">\n\t\t\t\t<div class=\"elementor-widget-container\">\n\t\t\t\t\t\t\t<div class=\"elementor-spacer\">\n\t\t\t<div class=\"elementor-spacer-inner\"><\/div>\n\t\t<\/div>\n\t\t\t\t\t\t<\/div>\n\t\t\t\t<\/div>\n\t\t\t\t\t<\/div>\n\t\t<\/div>\n\t\t\t\t\t<\/div>\n\t\t<\/section>\n\t\t\t\t<section class=\"elementor-section elementor-top-section elementor-element elementor-element-6a37cf57 elementor-section-full_width elementor-section-height-min-height elementor-section-content-top elementor-section-stretched elementor-section-height-default elementor-section-items-middle\" data-id=\"6a37cf57\" data-element_type=\"section\" data-e-type=\"section\" data-settings=\"{&quot;stretch_section&quot;:&quot;section-stretched&quot;,&quot;background_background&quot;:&quot;slideshow&quot;,&quot;background_slideshow_gallery&quot;:[],&quot;background_slideshow_loop&quot;:&quot;yes&quot;,&quot;background_slideshow_slide_duration&quot;:5000,&quot;background_slideshow_slide_transition&quot;:&quot;fade&quot;,&quot;background_slideshow_transition_duration&quot;:500}\">\n\t\t\t\t\t\t<div class=\"elementor-container elementor-column-gap-no\">\n\t\t\t\t\t<div class=\"elementor-column elementor-col-100 elementor-top-column elementor-element elementor-element-4cfdeb7c\" data-id=\"4cfdeb7c\" data-element_type=\"column\" data-e-type=\"column\" data-settings=\"{&quot;background_background&quot;:&quot;slideshow&quot;,&quot;background_slideshow_gallery&quot;:[],&quot;background_slideshow_loop&quot;:&quot;yes&quot;,&quot;background_slideshow_slide_duration&quot;:5000,&quot;background_slideshow_slide_transition&quot;:&quot;fade&quot;,&quot;background_slideshow_transition_duration&quot;:500}\">\n\t\t\t<div class=\"elementor-widget-wrap elementor-element-populated\">\n\t\t\t\t\t\t<div class=\"elementor-element elementor-element-4094bde5 eael-fg-hoverer-content-align-left elementor-widget elementor-widget-eael-filterable-gallery\" data-id=\"4094bde5\" data-element_type=\"widget\" data-e-type=\"widget\" data-settings=\"{&quot;pagination&quot;:&quot;yes&quot;,&quot;photo_gallery&quot;:&quot;yes&quot;}\" data-widget_type=\"eael-filterable-gallery.default\">\n\t\t\t\t<div class=\"elementor-widget-container\">\n\t\t\t\t\t<style id=\"eael-fg-inline-css-4094bde5\">@media only screen and (max-width: 2399px) {\n\t\t\t\t\t.elementor-element.elementor-element-4094bde5 .eael-filterable-gallery-item-wrap {\n\t\t\t\t\t        width: 25%;\n\t\t\t\t\t    }\n\t\t\t\t\t}@media only screen and (max-width: 1024px) {\n\t\t\t\t\t.elementor-element.elementor-element-4094bde5  .eael-filterable-gallery-item-wrap {\n\t\t\t\t\t        width: 50%;\n\t\t\t\t\t    }\n\t\t\t\t\t}@media only screen and (max-width: 767px) {\n\t\t\t\t\t.elementor-element.elementor-element-4094bde5  .eael-filterable-gallery-item-wrap {\n\t\t\t\t\t        width: 100%;\n\t\t\t\t\t    }\n\t\t\t\t\t}<\/style>        <div id=\"eael-filter-gallery-wrapper-4094bde5\" class=\"eael-filter-gallery-wrapper\" data-layout-mode=\"hoverer\" data-breakpoints=\"{&quot;mobile&quot;:{&quot;label&quot;:&quot;Mobile Portrait&quot;,&quot;value&quot;:767,&quot;default_value&quot;:767,&quot;direction&quot;:&quot;max&quot;,&quot;is_enabled&quot;:true},&quot;mobile_extra&quot;:{&quot;label&quot;:&quot;Mobile Landscape&quot;,&quot;value&quot;:880,&quot;default_value&quot;:880,&quot;direction&quot;:&quot;max&quot;,&quot;is_enabled&quot;:false},&quot;tablet&quot;:{&quot;label&quot;:&quot;Tablet Portrait&quot;,&quot;value&quot;:1024,&quot;default_value&quot;:1024,&quot;direction&quot;:&quot;max&quot;,&quot;is_enabled&quot;:true},&quot;tablet_extra&quot;:{&quot;label&quot;:&quot;Tablet Landscape&quot;,&quot;value&quot;:1200,&quot;default_value&quot;:1200,&quot;direction&quot;:&quot;max&quot;,&quot;is_enabled&quot;:false},&quot;laptop&quot;:{&quot;label&quot;:&quot;Laptop&quot;,&quot;value&quot;:1366,&quot;default_value&quot;:1366,&quot;direction&quot;:&quot;max&quot;,&quot;is_enabled&quot;:false},&quot;widescreen&quot;:{&quot;label&quot;:&quot;Widescreen&quot;,&quot;value&quot;:2400,&quot;default_value&quot;:2400,&quot;direction&quot;:&quot;min&quot;,&quot;is_enabled&quot;:false}}\" data-default_control_key=\"0\" data-custom_default_control=\"1\">\n                    <div class=\"eael-filter-gallery-container eael-filter-gallery-grid\" data-images-per-page=\"6\" data-total-gallery-items=\"6\" data-nomore-item-text=\"T\u00fcm\u00fc G\u00f6r\u00fcnt\u00fclendi\" data-is-randomize=\"no\" data-settings=\"{&quot;grid_style&quot;:&quot;grid&quot;,&quot;popup&quot;:&quot;buttons&quot;,&quot;duration&quot;:500,&quot;gallery_enabled&quot;:&quot;yes&quot;,&quot;video_gallery_yt_privacy&quot;:&quot;&quot;,&quot;control_all_text&quot;:null,&quot;post_id&quot;:1188,&quot;widget_id&quot;:&quot;4094bde5&quot;}\" data-search-all=\"\" data-gallery-items=\"WyI8ZGl2IGNsYXNzPVwiZWFlbC1maWx0ZXJhYmxlLWdhbGxlcnktaXRlbS13cmFwIGVhZWwtY2Ytc2VhY29hc3QtdmlsbGFcIj5cblx0XHRcdFx0PGRpdiBjbGFzcz1cImVhZWwtZ2FsbGVyeS1ncmlkLWl0ZW1cIj48YSBhcmVhLWhpZGRlbj1cInRydWVcIiBocmVmPVwiaHR0cHM6XC9cL3NhbG1hbnNmdXJuaXR1cmUuY29tXC90clwvd3AtY29udGVudFwvdXBsb2Fkc1wvMjAyNVwvMTJcLzEtMS5qcGdcIiBjbGFzcz1cImVhZWwtbWFnbmlmaWMtbGluayBlYWVsLW1hZ25pZmljLWxpbmstY2xvbmUgYWN0aXZlIG1lZGlhLWNvbnRlbnQtd3JhcCBhY3RpdmVcIiBkYXRhLWVsZW1lbnRvci1vcGVuLWxpZ2h0Ym94PVwieWVzXCIgdGl0bGU9XCJTRUFDT0FTVCBWSUxMQVwiPjxkaXYgY2xhc3M9XCJnYWxsZXJ5LWl0ZW0tdGh1bWJuYWlsLXdyYXBcIj48aW1nIHdpZHRoPVwiMzAwXCIgaGVpZ2h0PVwiMjAwXCIgc3JjPVwiaHR0cHM6XC9cL3NhbG1hbnNmdXJuaXR1cmUuY29tXC90clwvd3AtY29udGVudFwvdXBsb2Fkc1wvMjAyNVwvMTJcLzEtMS0zMDB4MjAwLmpwZ1wiIGNsYXNzPVwiYXR0YWNobWVudC1tZWRpdW0gc2l6ZS1tZWRpdW0gd3AtaW1hZ2UtMTE5MVwiIGFsdD1cIlwiIHNyY3NldD1cImh0dHBzOlwvXC9zYWxtYW5zZnVybml0dXJlLmNvbVwvdHJcL3dwLWNvbnRlbnRcL3VwbG9hZHNcLzIwMjVcLzEyXC8xLTEtMzAweDIwMC5qcGcgMzAwdywgaHR0cHM6XC9cL3NhbG1hbnNmdXJuaXR1cmUuY29tXC90clwvd3AtY29udGVudFwvdXBsb2Fkc1wvMjAyNVwvMTJcLzEtMS0xMDI0eDY4My5qcGcgMTAyNHcsIGh0dHBzOlwvXC9zYWxtYW5zZnVybml0dXJlLmNvbVwvdHJcL3dwLWNvbnRlbnRcL3VwbG9hZHNcLzIwMjVcLzEyXC8xLTEtNzY4eDUxMi5qcGcgNzY4dywgaHR0cHM6XC9cL3NhbG1hbnNmdXJuaXR1cmUuY29tXC90clwvd3AtY29udGVudFwvdXBsb2Fkc1wvMjAyNVwvMTJcLzEtMS0xNTM2eDEwMjQuanBnIDE1MzZ3LCBodHRwczpcL1wvc2FsbWFuc2Z1cm5pdHVyZS5jb21cL3RyXC93cC1jb250ZW50XC91cGxvYWRzXC8yMDI1XC8xMlwvMS0xLmpwZyAxNjIwd1wiIHNpemVzPVwiKG1heC13aWR0aDogMzAwcHgpIDEwMHZ3LCAzMDBweFwiIFwvPjxcL2Rpdj48ZGl2IGNsYXNzPVwiZ2FsbGVyeS1pdGVtLWNhcHRpb24td3JhcCBjYXB0aW9uLXN0eWxlLWhvdmVyZXIgZWFlbC1zbGlkZS11cFwiPjxkaXYgY2xhc3M9XCJnYWxsZXJ5LWl0ZW0taG92ZXJlci1iZ1wiPjxcL2Rpdj48ZGl2IGNsYXNzPVwiZ2FsbGVyeS1pdGVtLWNhcHRpb24tb3ZlclwiPjxoMiBjbGFzcz1cImZnLWl0ZW0tdGl0bGVcIj5TRUFDT0FTVCBWSUxMQTxcL2gyPjxcL2Rpdj48XC9kaXY+PFwvYT48XC9kaXY+PFwvZGl2PiIsIjxkaXYgY2xhc3M9XCJlYWVsLWZpbHRlcmFibGUtZ2FsbGVyeS1pdGVtLXdyYXAgZWFlbC1jZi1zZWFjb2FzdC12aWxsYVwiPlxuXHRcdFx0XHQ8ZGl2IGNsYXNzPVwiZWFlbC1nYWxsZXJ5LWdyaWQtaXRlbVwiPjxhIGFyZWEtaGlkZGVuPVwidHJ1ZVwiIGhyZWY9XCJodHRwczpcL1wvc2FsbWFuc2Z1cm5pdHVyZS5jb21cL3RyXC93cC1jb250ZW50XC91cGxvYWRzXC8yMDI1XC8xMlwvMi0yLmpwZ1wiIGNsYXNzPVwiZWFlbC1tYWduaWZpYy1saW5rIGVhZWwtbWFnbmlmaWMtbGluay1jbG9uZSBhY3RpdmUgbWVkaWEtY29udGVudC13cmFwIGFjdGl2ZVwiIGRhdGEtZWxlbWVudG9yLW9wZW4tbGlnaHRib3g9XCJ5ZXNcIiB0aXRsZT1cIlNFQUNPQVNUIFZJTExBXCI+PGRpdiBjbGFzcz1cImdhbGxlcnktaXRlbS10aHVtYm5haWwtd3JhcFwiPjxpbWcgd2lkdGg9XCIzMDBcIiBoZWlnaHQ9XCIxOTdcIiBzcmM9XCJodHRwczpcL1wvc2FsbWFuc2Z1cm5pdHVyZS5jb21cL3RyXC93cC1jb250ZW50XC91cGxvYWRzXC8yMDI1XC8xMlwvMi0yLTMwMHgxOTcuanBnXCIgY2xhc3M9XCJhdHRhY2htZW50LW1lZGl1bSBzaXplLW1lZGl1bSB3cC1pbWFnZS0xMTkyXCIgYWx0PVwiXCIgc3Jjc2V0PVwiaHR0cHM6XC9cL3NhbG1hbnNmdXJuaXR1cmUuY29tXC90clwvd3AtY29udGVudFwvdXBsb2Fkc1wvMjAyNVwvMTJcLzItMi0zMDB4MTk3LmpwZyAzMDB3LCBodHRwczpcL1wvc2FsbWFuc2Z1cm5pdHVyZS5jb21cL3RyXC93cC1jb250ZW50XC91cGxvYWRzXC8yMDI1XC8xMlwvMi0yLTEwMjR4NjczLmpwZyAxMDI0dywgaHR0cHM6XC9cL3NhbG1hbnNmdXJuaXR1cmUuY29tXC90clwvd3AtY29udGVudFwvdXBsb2Fkc1wvMjAyNVwvMTJcLzItMi03Njh4NTA1LmpwZyA3Njh3LCBodHRwczpcL1wvc2FsbWFuc2Z1cm5pdHVyZS5jb21cL3RyXC93cC1jb250ZW50XC91cGxvYWRzXC8yMDI1XC8xMlwvMi0yLTE1MzZ4MTAwOS5qcGcgMTUzNncsIGh0dHBzOlwvXC9zYWxtYW5zZnVybml0dXJlLmNvbVwvdHJcL3dwLWNvbnRlbnRcL3VwbG9hZHNcLzIwMjVcLzEyXC8yLTIuanBnIDE2NDR3XCIgc2l6ZXM9XCIobWF4LXdpZHRoOiAzMDBweCkgMTAwdncsIDMwMHB4XCIgXC8+PFwvZGl2PjxkaXYgY2xhc3M9XCJnYWxsZXJ5LWl0ZW0tY2FwdGlvbi13cmFwIGNhcHRpb24tc3R5bGUtaG92ZXJlciBlYWVsLXNsaWRlLXVwXCI+PGRpdiBjbGFzcz1cImdhbGxlcnktaXRlbS1ob3ZlcmVyLWJnXCI+PFwvZGl2PjxkaXYgY2xhc3M9XCJnYWxsZXJ5LWl0ZW0tY2FwdGlvbi1vdmVyXCI+PGgyIGNsYXNzPVwiZmctaXRlbS10aXRsZVwiPlNFQUNPQVNUIFZJTExBPFwvaDI+PFwvZGl2PjxcL2Rpdj48XC9hPjxcL2Rpdj48XC9kaXY+IiwiPGRpdiBjbGFzcz1cImVhZWwtZmlsdGVyYWJsZS1nYWxsZXJ5LWl0ZW0td3JhcCBlYWVsLWNmLXNlYWNvYXN0LXZpbGxhXCI+XG5cdFx0XHRcdDxkaXYgY2xhc3M9XCJlYWVsLWdhbGxlcnktZ3JpZC1pdGVtXCI+PGEgYXJlYS1oaWRkZW49XCJ0cnVlXCIgaHJlZj1cImh0dHBzOlwvXC9zYWxtYW5zZnVybml0dXJlLmNvbVwvdHJcL3dwLWNvbnRlbnRcL3VwbG9hZHNcLzIwMjVcLzEyXC8zLTIuanBnXCIgY2xhc3M9XCJlYWVsLW1hZ25pZmljLWxpbmsgZWFlbC1tYWduaWZpYy1saW5rLWNsb25lIGFjdGl2ZSBtZWRpYS1jb250ZW50LXdyYXAgYWN0aXZlXCIgZGF0YS1lbGVtZW50b3Itb3Blbi1saWdodGJveD1cInllc1wiIHRpdGxlPVwiU0VBQ09BU1QgVklMTEFcIj48ZGl2IGNsYXNzPVwiZ2FsbGVyeS1pdGVtLXRodW1ibmFpbC13cmFwXCI+PGltZyB3aWR0aD1cIjMwMFwiIGhlaWdodD1cIjIwMFwiIHNyYz1cImh0dHBzOlwvXC9zYWxtYW5zZnVybml0dXJlLmNvbVwvdHJcL3dwLWNvbnRlbnRcL3VwbG9hZHNcLzIwMjVcLzEyXC8zLTItMzAweDIwMC5qcGdcIiBjbGFzcz1cImF0dGFjaG1lbnQtbWVkaXVtIHNpemUtbWVkaXVtIHdwLWltYWdlLTExOTNcIiBhbHQ9XCJcIiBzcmNzZXQ9XCJodHRwczpcL1wvc2FsbWFuc2Z1cm5pdHVyZS5jb21cL3RyXC93cC1jb250ZW50XC91cGxvYWRzXC8yMDI1XC8xMlwvMy0yLTMwMHgyMDAuanBnIDMwMHcsIGh0dHBzOlwvXC9zYWxtYW5zZnVybml0dXJlLmNvbVwvdHJcL3dwLWNvbnRlbnRcL3VwbG9hZHNcLzIwMjVcLzEyXC8zLTItMTAyNHg2ODMuanBnIDEwMjR3LCBodHRwczpcL1wvc2FsbWFuc2Z1cm5pdHVyZS5jb21cL3RyXC93cC1jb250ZW50XC91cGxvYWRzXC8yMDI1XC8xMlwvMy0yLTc2OHg1MTIuanBnIDc2OHcsIGh0dHBzOlwvXC9zYWxtYW5zZnVybml0dXJlLmNvbVwvdHJcL3dwLWNvbnRlbnRcL3VwbG9hZHNcLzIwMjVcLzEyXC8zLTItMTUzNngxMDI0LmpwZyAxNTM2dywgaHR0cHM6XC9cL3NhbG1hbnNmdXJuaXR1cmUuY29tXC90clwvd3AtY29udGVudFwvdXBsb2Fkc1wvMjAyNVwvMTJcLzMtMi5qcGcgMTYyMHdcIiBzaXplcz1cIihtYXgtd2lkdGg6IDMwMHB4KSAxMDB2dywgMzAwcHhcIiBcLz48XC9kaXY+PGRpdiBjbGFzcz1cImdhbGxlcnktaXRlbS1jYXB0aW9uLXdyYXAgY2FwdGlvbi1zdHlsZS1ob3ZlcmVyIGVhZWwtc2xpZGUtdXBcIj48ZGl2IGNsYXNzPVwiZ2FsbGVyeS1pdGVtLWhvdmVyZXItYmdcIj48XC9kaXY+PGRpdiBjbGFzcz1cImdhbGxlcnktaXRlbS1jYXB0aW9uLW92ZXJcIj48aDIgY2xhc3M9XCJmZy1pdGVtLXRpdGxlXCI+U0VBQ09BU1QgVklMTEE8XC9oMj48XC9kaXY+PFwvZGl2PjxcL2E+PFwvZGl2PjxcL2Rpdj4iLCI8ZGl2IGNsYXNzPVwiZWFlbC1maWx0ZXJhYmxlLWdhbGxlcnktaXRlbS13cmFwIGVhZWwtY2Ytc2VhY29hc3QtdmlsbGFcIj5cblx0XHRcdFx0PGRpdiBjbGFzcz1cImVhZWwtZ2FsbGVyeS1ncmlkLWl0ZW1cIj48YSBhcmVhLWhpZGRlbj1cInRydWVcIiBocmVmPVwiaHR0cHM6XC9cL3NhbG1hbnNmdXJuaXR1cmUuY29tXC90clwvd3AtY29udGVudFwvdXBsb2Fkc1wvMjAyNVwvMTJcLzQtMS5qcGdcIiBjbGFzcz1cImVhZWwtbWFnbmlmaWMtbGluayBlYWVsLW1hZ25pZmljLWxpbmstY2xvbmUgYWN0aXZlIG1lZGlhLWNvbnRlbnQtd3JhcCBhY3RpdmVcIiBkYXRhLWVsZW1lbnRvci1vcGVuLWxpZ2h0Ym94PVwieWVzXCIgdGl0bGU9XCJTRUFDT0FTVCBWSUxMQVwiPjxkaXYgY2xhc3M9XCJnYWxsZXJ5LWl0ZW0tdGh1bWJuYWlsLXdyYXBcIj48aW1nIHdpZHRoPVwiMzAwXCIgaGVpZ2h0PVwiMjAwXCIgc3JjPVwiaHR0cHM6XC9cL3NhbG1hbnNmdXJuaXR1cmUuY29tXC90clwvd3AtY29udGVudFwvdXBsb2Fkc1wvMjAyNVwvMTJcLzQtMS0zMDB4MjAwLmpwZ1wiIGNsYXNzPVwiYXR0YWNobWVudC1tZWRpdW0gc2l6ZS1tZWRpdW0gd3AtaW1hZ2UtMTE5NFwiIGFsdD1cIlwiIHNyY3NldD1cImh0dHBzOlwvXC9zYWxtYW5zZnVybml0dXJlLmNvbVwvdHJcL3dwLWNvbnRlbnRcL3VwbG9hZHNcLzIwMjVcLzEyXC80LTEtMzAweDIwMC5qcGcgMzAwdywgaHR0cHM6XC9cL3NhbG1hbnNmdXJuaXR1cmUuY29tXC90clwvd3AtY29udGVudFwvdXBsb2Fkc1wvMjAyNVwvMTJcLzQtMS0xMDI0eDY4My5qcGcgMTAyNHcsIGh0dHBzOlwvXC9zYWxtYW5zZnVybml0dXJlLmNvbVwvdHJcL3dwLWNvbnRlbnRcL3VwbG9hZHNcLzIwMjVcLzEyXC80LTEtNzY4eDUxMi5qcGcgNzY4dywgaHR0cHM6XC9cL3NhbG1hbnNmdXJuaXR1cmUuY29tXC90clwvd3AtY29udGVudFwvdXBsb2Fkc1wvMjAyNVwvMTJcLzQtMS0xNTM2eDEwMjQuanBnIDE1MzZ3LCBodHRwczpcL1wvc2FsbWFuc2Z1cm5pdHVyZS5jb21cL3RyXC93cC1jb250ZW50XC91cGxvYWRzXC8yMDI1XC8xMlwvNC0xLmpwZyAxNjIwd1wiIHNpemVzPVwiKG1heC13aWR0aDogMzAwcHgpIDEwMHZ3LCAzMDBweFwiIFwvPjxcL2Rpdj48ZGl2IGNsYXNzPVwiZ2FsbGVyeS1pdGVtLWNhcHRpb24td3JhcCBjYXB0aW9uLXN0eWxlLWhvdmVyZXIgZWFlbC1zbGlkZS11cFwiPjxkaXYgY2xhc3M9XCJnYWxsZXJ5LWl0ZW0taG92ZXJlci1iZ1wiPjxcL2Rpdj48ZGl2IGNsYXNzPVwiZ2FsbGVyeS1pdGVtLWNhcHRpb24tb3ZlclwiPjxoMiBjbGFzcz1cImZnLWl0ZW0tdGl0bGVcIj5TRUFDT0FTVCBWSUxMQTxcL2gyPjxcL2Rpdj48XC9kaXY+PFwvYT48XC9kaXY+PFwvZGl2PiIsIjxkaXYgY2xhc3M9XCJlYWVsLWZpbHRlcmFibGUtZ2FsbGVyeS1pdGVtLXdyYXAgZWFlbC1jZi1zZWFjb2FzdC12aWxsYVwiPlxuXHRcdFx0XHQ8ZGl2IGNsYXNzPVwiZWFlbC1nYWxsZXJ5LWdyaWQtaXRlbVwiPjxhIGFyZWEtaGlkZGVuPVwidHJ1ZVwiIGhyZWY9XCJodHRwczpcL1wvc2FsbWFuc2Z1cm5pdHVyZS5jb21cL3RyXC93cC1jb250ZW50XC91cGxvYWRzXC8yMDI1XC8xMlwvNS5qcGdcIiBjbGFzcz1cImVhZWwtbWFnbmlmaWMtbGluayBlYWVsLW1hZ25pZmljLWxpbmstY2xvbmUgYWN0aXZlIG1lZGlhLWNvbnRlbnQtd3JhcCBhY3RpdmVcIiBkYXRhLWVsZW1lbnRvci1vcGVuLWxpZ2h0Ym94PVwieWVzXCIgdGl0bGU9XCJTRUFDT0FTVCBWSUxMQVwiPjxkaXYgY2xhc3M9XCJnYWxsZXJ5LWl0ZW0tdGh1bWJuYWlsLXdyYXBcIj48aW1nIHdpZHRoPVwiMzAwXCIgaGVpZ2h0PVwiMjAwXCIgc3JjPVwiaHR0cHM6XC9cL3NhbG1hbnNmdXJuaXR1cmUuY29tXC90clwvd3AtY29udGVudFwvdXBsb2Fkc1wvMjAyNVwvMTJcLzUtMzAweDIwMC5qcGdcIiBjbGFzcz1cImF0dGFjaG1lbnQtbWVkaXVtIHNpemUtbWVkaXVtIHdwLWltYWdlLTExOTVcIiBhbHQ9XCJcIiBzcmNzZXQ9XCJodHRwczpcL1wvc2FsbWFuc2Z1cm5pdHVyZS5jb21cL3RyXC93cC1jb250ZW50XC91cGxvYWRzXC8yMDI1XC8xMlwvNS0zMDB4MjAwLmpwZyAzMDB3LCBodHRwczpcL1wvc2FsbWFuc2Z1cm5pdHVyZS5jb21cL3RyXC93cC1jb250ZW50XC91cGxvYWRzXC8yMDI1XC8xMlwvNS0xMDI0eDY4My5qcGcgMTAyNHcsIGh0dHBzOlwvXC9zYWxtYW5zZnVybml0dXJlLmNvbVwvdHJcL3dwLWNvbnRlbnRcL3VwbG9hZHNcLzIwMjVcLzEyXC81LTc2OHg1MTIuanBnIDc2OHcsIGh0dHBzOlwvXC9zYWxtYW5zZnVybml0dXJlLmNvbVwvdHJcL3dwLWNvbnRlbnRcL3VwbG9hZHNcLzIwMjVcLzEyXC81LTE1MzZ4MTAyNC5qcGcgMTUzNncsIGh0dHBzOlwvXC9zYWxtYW5zZnVybml0dXJlLmNvbVwvdHJcL3dwLWNvbnRlbnRcL3VwbG9hZHNcLzIwMjVcLzEyXC81LmpwZyAxNjIwd1wiIHNpemVzPVwiKG1heC13aWR0aDogMzAwcHgpIDEwMHZ3LCAzMDBweFwiIFwvPjxcL2Rpdj48ZGl2IGNsYXNzPVwiZ2FsbGVyeS1pdGVtLWNhcHRpb24td3JhcCBjYXB0aW9uLXN0eWxlLWhvdmVyZXIgZWFlbC1zbGlkZS11cFwiPjxkaXYgY2xhc3M9XCJnYWxsZXJ5LWl0ZW0taG92ZXJlci1iZ1wiPjxcL2Rpdj48ZGl2IGNsYXNzPVwiZ2FsbGVyeS1pdGVtLWNhcHRpb24tb3ZlclwiPjxoMiBjbGFzcz1cImZnLWl0ZW0tdGl0bGVcIj5TRUFDT0FTVCBWSUxMQTxcL2gyPjxcL2Rpdj48XC9kaXY+PFwvYT48XC9kaXY+PFwvZGl2PiIsIjxkaXYgY2xhc3M9XCJlYWVsLWZpbHRlcmFibGUtZ2FsbGVyeS1pdGVtLXdyYXAgZWFlbC1jZi1zZWFjb2FzdC12aWxsYVwiPlxuXHRcdFx0XHQ8ZGl2IGNsYXNzPVwiZWFlbC1nYWxsZXJ5LWdyaWQtaXRlbVwiPjxhIGFyZWEtaGlkZGVuPVwidHJ1ZVwiIGhyZWY9XCJodHRwczpcL1wvc2FsbWFuc2Z1cm5pdHVyZS5jb21cL3RyXC93cC1jb250ZW50XC91cGxvYWRzXC8yMDI1XC8xMlwvNy0xLmpwZ1wiIGNsYXNzPVwiZWFlbC1tYWduaWZpYy1saW5rIGVhZWwtbWFnbmlmaWMtbGluay1jbG9uZSBhY3RpdmUgbWVkaWEtY29udGVudC13cmFwIGFjdGl2ZVwiIGRhdGEtZWxlbWVudG9yLW9wZW4tbGlnaHRib3g9XCJ5ZXNcIiB0aXRsZT1cIlNFQUNPQVNUIFZJTExBXCI+PGRpdiBjbGFzcz1cImdhbGxlcnktaXRlbS10aHVtYm5haWwtd3JhcFwiPjxpbWcgd2lkdGg9XCIzMDBcIiBoZWlnaHQ9XCIyMDBcIiBzcmM9XCJodHRwczpcL1wvc2FsbWFuc2Z1cm5pdHVyZS5jb21cL3RyXC93cC1jb250ZW50XC91cGxvYWRzXC8yMDI1XC8xMlwvNy0xLTMwMHgyMDAuanBnXCIgY2xhc3M9XCJhdHRhY2htZW50LW1lZGl1bSBzaXplLW1lZGl1bSB3cC1pbWFnZS0xMTk2XCIgYWx0PVwiXCIgc3Jjc2V0PVwiaHR0cHM6XC9cL3NhbG1hbnNmdXJuaXR1cmUuY29tXC90clwvd3AtY29udGVudFwvdXBsb2Fkc1wvMjAyNVwvMTJcLzctMS0zMDB4MjAwLmpwZyAzMDB3LCBodHRwczpcL1wvc2FsbWFuc2Z1cm5pdHVyZS5jb21cL3RyXC93cC1jb250ZW50XC91cGxvYWRzXC8yMDI1XC8xMlwvNy0xLTEwMjR4NjgzLmpwZyAxMDI0dywgaHR0cHM6XC9cL3NhbG1hbnNmdXJuaXR1cmUuY29tXC90clwvd3AtY29udGVudFwvdXBsb2Fkc1wvMjAyNVwvMTJcLzctMS03Njh4NTEyLmpwZyA3Njh3LCBodHRwczpcL1wvc2FsbWFuc2Z1cm5pdHVyZS5jb21cL3RyXC93cC1jb250ZW50XC91cGxvYWRzXC8yMDI1XC8xMlwvNy0xLTE1MzZ4MTAyNC5qcGcgMTUzNncsIGh0dHBzOlwvXC9zYWxtYW5zZnVybml0dXJlLmNvbVwvdHJcL3dwLWNvbnRlbnRcL3VwbG9hZHNcLzIwMjVcLzEyXC83LTEuanBnIDE2MjB3XCIgc2l6ZXM9XCIobWF4LXdpZHRoOiAzMDBweCkgMTAwdncsIDMwMHB4XCIgXC8+PFwvZGl2PjxkaXYgY2xhc3M9XCJnYWxsZXJ5LWl0ZW0tY2FwdGlvbi13cmFwIGNhcHRpb24tc3R5bGUtaG92ZXJlciBlYWVsLXNsaWRlLXVwXCI+PGRpdiBjbGFzcz1cImdhbGxlcnktaXRlbS1ob3ZlcmVyLWJnXCI+PFwvZGl2PjxkaXYgY2xhc3M9XCJnYWxsZXJ5LWl0ZW0tY2FwdGlvbi1vdmVyXCI+PGgyIGNsYXNzPVwiZmctaXRlbS10aXRsZVwiPlNFQUNPQVNUIFZJTExBPFwvaDI+PFwvZGl2PjxcL2Rpdj48XC9hPjxcL2Rpdj48XC9kaXY+Il0=\" data-init-show=\"8\">\n            <div class=\"eael-filterable-gallery-item-wrap eael-cf-seacoast-villa\">\n\t\t\t\t<div class=\"eael-gallery-grid-item\"><a area-hidden=\"true\" href=\"https:\/\/salmansfurniture.com\/tr\/wp-content\/uploads\/2025\/12\/1-1.jpg\" class=\"eael-magnific-link eael-magnific-link-clone active media-content-wrap active\" data-elementor-open-lightbox=\"yes\" title=\"SEACOAST VILLA\"><div class=\"gallery-item-thumbnail-wrap\"><img fetchpriority=\"high\" decoding=\"async\" width=\"300\" height=\"200\" src=\"https:\/\/salmansfurniture.com\/tr\/wp-content\/uploads\/2025\/12\/1-1-300x200.jpg\" class=\"attachment-medium size-medium wp-image-1191\" alt=\"\" srcset=\"https:\/\/salmansfurniture.com\/tr\/wp-content\/uploads\/2025\/12\/1-1-300x200.jpg 300w, https:\/\/salmansfurniture.com\/tr\/wp-content\/uploads\/2025\/12\/1-1-1024x683.jpg 1024w, https:\/\/salmansfurniture.com\/tr\/wp-content\/uploads\/2025\/12\/1-1-768x512.jpg 768w, https:\/\/salmansfurniture.com\/tr\/wp-content\/uploads\/2025\/12\/1-1-1536x1024.jpg 1536w, https:\/\/salmansfurniture.com\/tr\/wp-content\/uploads\/2025\/12\/1-1.jpg 1620w\" sizes=\"(max-width: 300px) 100vw, 300px\" \/><\/div><div class=\"gallery-item-caption-wrap caption-style-hoverer eael-slide-up\"><div class=\"gallery-item-hoverer-bg\"><\/div><div class=\"gallery-item-caption-over\"><h2 class=\"fg-item-title\">SEACOAST VILLA<\/h2><\/div><\/div><\/a><\/div><\/div><div class=\"eael-filterable-gallery-item-wrap eael-cf-seacoast-villa\">\n\t\t\t\t<div class=\"eael-gallery-grid-item\"><a area-hidden=\"true\" href=\"https:\/\/salmansfurniture.com\/tr\/wp-content\/uploads\/2025\/12\/2-2.jpg\" class=\"eael-magnific-link eael-magnific-link-clone active media-content-wrap active\" data-elementor-open-lightbox=\"yes\" title=\"SEACOAST VILLA\"><div class=\"gallery-item-thumbnail-wrap\"><img decoding=\"async\" width=\"300\" height=\"197\" src=\"https:\/\/salmansfurniture.com\/tr\/wp-content\/uploads\/2025\/12\/2-2-300x197.jpg\" class=\"attachment-medium size-medium wp-image-1192\" alt=\"\" srcset=\"https:\/\/salmansfurniture.com\/tr\/wp-content\/uploads\/2025\/12\/2-2-300x197.jpg 300w, https:\/\/salmansfurniture.com\/tr\/wp-content\/uploads\/2025\/12\/2-2-1024x673.jpg 1024w, https:\/\/salmansfurniture.com\/tr\/wp-content\/uploads\/2025\/12\/2-2-768x505.jpg 768w, https:\/\/salmansfurniture.com\/tr\/wp-content\/uploads\/2025\/12\/2-2-1536x1009.jpg 1536w, https:\/\/salmansfurniture.com\/tr\/wp-content\/uploads\/2025\/12\/2-2.jpg 1644w\" sizes=\"(max-width: 300px) 100vw, 300px\" \/><\/div><div class=\"gallery-item-caption-wrap caption-style-hoverer eael-slide-up\"><div class=\"gallery-item-hoverer-bg\"><\/div><div class=\"gallery-item-caption-over\"><h2 class=\"fg-item-title\">SEACOAST VILLA<\/h2><\/div><\/div><\/a><\/div><\/div><div class=\"eael-filterable-gallery-item-wrap eael-cf-seacoast-villa\">\n\t\t\t\t<div class=\"eael-gallery-grid-item\"><a area-hidden=\"true\" href=\"https:\/\/salmansfurniture.com\/tr\/wp-content\/uploads\/2025\/12\/3-2.jpg\" class=\"eael-magnific-link eael-magnific-link-clone active media-content-wrap active\" data-elementor-open-lightbox=\"yes\" title=\"SEACOAST VILLA\"><div class=\"gallery-item-thumbnail-wrap\"><img decoding=\"async\" width=\"300\" height=\"200\" src=\"https:\/\/salmansfurniture.com\/tr\/wp-content\/uploads\/2025\/12\/3-2-300x200.jpg\" class=\"attachment-medium size-medium wp-image-1193\" alt=\"\" srcset=\"https:\/\/salmansfurniture.com\/tr\/wp-content\/uploads\/2025\/12\/3-2-300x200.jpg 300w, https:\/\/salmansfurniture.com\/tr\/wp-content\/uploads\/2025\/12\/3-2-1024x683.jpg 1024w, https:\/\/salmansfurniture.com\/tr\/wp-content\/uploads\/2025\/12\/3-2-768x512.jpg 768w, https:\/\/salmansfurniture.com\/tr\/wp-content\/uploads\/2025\/12\/3-2-1536x1024.jpg 1536w, https:\/\/salmansfurniture.com\/tr\/wp-content\/uploads\/2025\/12\/3-2.jpg 1620w\" sizes=\"(max-width: 300px) 100vw, 300px\" \/><\/div><div class=\"gallery-item-caption-wrap caption-style-hoverer eael-slide-up\"><div class=\"gallery-item-hoverer-bg\"><\/div><div class=\"gallery-item-caption-over\"><h2 class=\"fg-item-title\">SEACOAST VILLA<\/h2><\/div><\/div><\/a><\/div><\/div><div class=\"eael-filterable-gallery-item-wrap eael-cf-seacoast-villa\">\n\t\t\t\t<div class=\"eael-gallery-grid-item\"><a area-hidden=\"true\" href=\"https:\/\/salmansfurniture.com\/tr\/wp-content\/uploads\/2025\/12\/4-1.jpg\" class=\"eael-magnific-link eael-magnific-link-clone active media-content-wrap active\" data-elementor-open-lightbox=\"yes\" title=\"SEACOAST VILLA\"><div class=\"gallery-item-thumbnail-wrap\"><img loading=\"lazy\" decoding=\"async\" width=\"300\" height=\"200\" src=\"https:\/\/salmansfurniture.com\/tr\/wp-content\/uploads\/2025\/12\/4-1-300x200.jpg\" class=\"attachment-medium size-medium wp-image-1194\" alt=\"\" srcset=\"https:\/\/salmansfurniture.com\/tr\/wp-content\/uploads\/2025\/12\/4-1-300x200.jpg 300w, https:\/\/salmansfurniture.com\/tr\/wp-content\/uploads\/2025\/12\/4-1-1024x683.jpg 1024w, https:\/\/salmansfurniture.com\/tr\/wp-content\/uploads\/2025\/12\/4-1-768x512.jpg 768w, https:\/\/salmansfurniture.com\/tr\/wp-content\/uploads\/2025\/12\/4-1-1536x1024.jpg 1536w, https:\/\/salmansfurniture.com\/tr\/wp-content\/uploads\/2025\/12\/4-1.jpg 1620w\" sizes=\"(max-width: 300px) 100vw, 300px\" \/><\/div><div class=\"gallery-item-caption-wrap caption-style-hoverer eael-slide-up\"><div class=\"gallery-item-hoverer-bg\"><\/div><div class=\"gallery-item-caption-over\"><h2 class=\"fg-item-title\">SEACOAST VILLA<\/h2><\/div><\/div><\/a><\/div><\/div><div class=\"eael-filterable-gallery-item-wrap eael-cf-seacoast-villa\">\n\t\t\t\t<div class=\"eael-gallery-grid-item\"><a area-hidden=\"true\" href=\"https:\/\/salmansfurniture.com\/tr\/wp-content\/uploads\/2025\/12\/5.jpg\" class=\"eael-magnific-link eael-magnific-link-clone active media-content-wrap active\" data-elementor-open-lightbox=\"yes\" title=\"SEACOAST VILLA\"><div class=\"gallery-item-thumbnail-wrap\"><img loading=\"lazy\" decoding=\"async\" width=\"300\" height=\"200\" src=\"https:\/\/salmansfurniture.com\/tr\/wp-content\/uploads\/2025\/12\/5-300x200.jpg\" class=\"attachment-medium size-medium wp-image-1195\" alt=\"\" srcset=\"https:\/\/salmansfurniture.com\/tr\/wp-content\/uploads\/2025\/12\/5-300x200.jpg 300w, https:\/\/salmansfurniture.com\/tr\/wp-content\/uploads\/2025\/12\/5-1024x683.jpg 1024w, https:\/\/salmansfurniture.com\/tr\/wp-content\/uploads\/2025\/12\/5-768x512.jpg 768w, https:\/\/salmansfurniture.com\/tr\/wp-content\/uploads\/2025\/12\/5-1536x1024.jpg 1536w, https:\/\/salmansfurniture.com\/tr\/wp-content\/uploads\/2025\/12\/5.jpg 1620w\" sizes=\"(max-width: 300px) 100vw, 300px\" \/><\/div><div class=\"gallery-item-caption-wrap caption-style-hoverer eael-slide-up\"><div class=\"gallery-item-hoverer-bg\"><\/div><div class=\"gallery-item-caption-over\"><h2 class=\"fg-item-title\">SEACOAST VILLA<\/h2><\/div><\/div><\/a><\/div><\/div><div class=\"eael-filterable-gallery-item-wrap eael-cf-seacoast-villa\">\n\t\t\t\t<div class=\"eael-gallery-grid-item\"><a area-hidden=\"true\" href=\"https:\/\/salmansfurniture.com\/tr\/wp-content\/uploads\/2025\/12\/7-1.jpg\" class=\"eael-magnific-link eael-magnific-link-clone active media-content-wrap active\" data-elementor-open-lightbox=\"yes\" title=\"SEACOAST VILLA\"><div class=\"gallery-item-thumbnail-wrap\"><img loading=\"lazy\" decoding=\"async\" width=\"300\" height=\"200\" src=\"https:\/\/salmansfurniture.com\/tr\/wp-content\/uploads\/2025\/12\/7-1-300x200.jpg\" class=\"attachment-medium size-medium wp-image-1196\" alt=\"\" srcset=\"https:\/\/salmansfurniture.com\/tr\/wp-content\/uploads\/2025\/12\/7-1-300x200.jpg 300w, https:\/\/salmansfurniture.com\/tr\/wp-content\/uploads\/2025\/12\/7-1-1024x683.jpg 1024w, https:\/\/salmansfurniture.com\/tr\/wp-content\/uploads\/2025\/12\/7-1-768x512.jpg 768w, https:\/\/salmansfurniture.com\/tr\/wp-content\/uploads\/2025\/12\/7-1-1536x1024.jpg 1536w, https:\/\/salmansfurniture.com\/tr\/wp-content\/uploads\/2025\/12\/7-1.jpg 1620w\" sizes=\"(max-width: 300px) 100vw, 300px\" \/><\/div><div class=\"gallery-item-caption-wrap caption-style-hoverer eael-slide-up\"><div class=\"gallery-item-hoverer-bg\"><\/div><div class=\"gallery-item-caption-over\"><h2 class=\"fg-item-title\">SEACOAST VILLA<\/h2><\/div><\/div><\/a><\/div><\/div>        <\/div>\n                    <div class=\"eael-filterable-gallery-loadmore\">\n                <button class=\"eael-gallery-load-more elementor-button elementor-size-md\">\n                    <span class=\"eael-btn-loader\"><\/span>\n                                        <span class=\"eael-filterable-gallery-load-more-text\">\n                        DEVAMI                    <\/span>\n                                                                                                        <span class=\"eael-filterable-gallery-load-more-icon fg-load-more-icon-right \" aria-hidden=\"true\"><\/span>\n                                                                                        <\/button>\n            <\/div>\n                <\/div>\n        \n        \t\t\t\t<\/div>\n\t\t\t\t<\/div>\n\t\t\t\t\t<\/div>\n\t\t<\/div>\n\t\t\t\t\t<\/div>\n\t\t<\/section>\n\t\t\t\t<\/div>\n\t\t","protected":false},"excerpt":{"rendered":"<p>SEACOAST VILLA SEACOAST VILLA SEACOAST VILLA SEACOAST VILLA SEACOAST VILLA SEACOAST VILLA DEVAMI<\/p>\n","protected":false},"author":1,"featured_media":0,"parent":0,"menu_order":0,"comment_status":"closed","ping_status":"closed","template":"","meta":{"footnotes":""},"class_list":["post-1188","page","type-page","status-publish","hentry"],"_links":{"self":[{"href":"https:\/\/salmansfurniture.com\/tr\/wp-json\/wp\/v2\/pages\/1188","targetHints":{"allow":["GET"]}}],"collection":[{"href":"https:\/\/salmansfurniture.com\/tr\/wp-json\/wp\/v2\/pages"}],"about":[{"href":"https:\/\/salmansfurniture.com\/tr\/wp-json\/wp\/v2\/types\/page"}],"author":[{"embeddable":true,"href":"https:\/\/salmansfurniture.com\/tr\/wp-json\/wp\/v2\/users\/1"}],"replies":[{"embeddable":true,"href":"https:\/\/salmansfurniture.com\/tr\/wp-json\/wp\/v2\/comments?post=1188"}],"version-history":[{"count":7,"href":"https:\/\/salmansfurniture.com\/tr\/wp-json\/wp\/v2\/pages\/1188\/revisions"}],"predecessor-version":[{"id":1225,"href":"https:\/\/salmansfurniture.com\/tr\/wp-json\/wp\/v2\/pages\/1188\/revisions\/1225"}],"wp:attachment":[{"href":"https:\/\/salmansfurniture.com\/tr\/wp-json\/wp\/v2\/media?parent=1188"}],"curies":[{"name":"wp","href":"https:\/\/api.w.org\/{rel}","templated":true}]}}