{"id":1132,"date":"2025-12-07T14:31:52","date_gmt":"2025-12-07T14:31:52","guid":{"rendered":"https:\/\/salmansfurniture.com\/tr\/?page_id=1132"},"modified":"2025-12-07T14:35:10","modified_gmt":"2025-12-07T14:35:10","slug":"knight-island","status":"publish","type":"page","link":"https:\/\/salmansfurniture.com\/tr\/knight-island\/","title":{"rendered":"KNIGHT ISLAND"},"content":{"rendered":"\t\t<div data-elementor-type=\"wp-page\" data-elementor-id=\"1132\" class=\"elementor elementor-1132\">\n\t\t\t\t\t\t<section class=\"elementor-section elementor-top-section elementor-element elementor-element-57a61bc2 elementor-section-full_width elementor-section-stretched elementor-section-height-default elementor-section-height-default\" data-id=\"57a61bc2\" data-element_type=\"section\" data-e-type=\"section\" data-settings=\"{&quot;stretch_section&quot;:&quot;section-stretched&quot;,&quot;background_background&quot;:&quot;classic&quot;}\">\n\t\t\t\t\t\t<div class=\"elementor-container elementor-column-gap-default\">\n\t\t\t\t\t<div class=\"elementor-column elementor-col-100 elementor-top-column elementor-element elementor-element-2533e2a5\" data-id=\"2533e2a5\" data-element_type=\"column\" data-e-type=\"column\">\n\t\t\t<div class=\"elementor-widget-wrap elementor-element-populated\">\n\t\t\t\t\t\t<div class=\"elementor-element elementor-element-17664d16 elementor-widget elementor-widget-spacer\" data-id=\"17664d16\" data-element_type=\"widget\" data-e-type=\"widget\" data-widget_type=\"spacer.default\">\n\t\t\t\t<div class=\"elementor-widget-container\">\n\t\t\t\t\t\t\t<div class=\"elementor-spacer\">\n\t\t\t<div class=\"elementor-spacer-inner\"><\/div>\n\t\t<\/div>\n\t\t\t\t\t\t<\/div>\n\t\t\t\t<\/div>\n\t\t\t\t\t<\/div>\n\t\t<\/div>\n\t\t\t\t\t<\/div>\n\t\t<\/section>\n\t\t\t\t<section class=\"elementor-section elementor-top-section elementor-element elementor-element-75247915 elementor-section-full_width elementor-section-height-min-height elementor-section-content-top elementor-section-stretched elementor-section-height-default elementor-section-items-middle\" data-id=\"75247915\" data-element_type=\"section\" data-e-type=\"section\" data-settings=\"{&quot;stretch_section&quot;:&quot;section-stretched&quot;,&quot;background_background&quot;:&quot;slideshow&quot;,&quot;background_slideshow_gallery&quot;:[],&quot;background_slideshow_loop&quot;:&quot;yes&quot;,&quot;background_slideshow_slide_duration&quot;:5000,&quot;background_slideshow_slide_transition&quot;:&quot;fade&quot;,&quot;background_slideshow_transition_duration&quot;:500}\">\n\t\t\t\t\t\t<div class=\"elementor-container elementor-column-gap-no\">\n\t\t\t\t\t<div class=\"elementor-column elementor-col-100 elementor-top-column elementor-element elementor-element-61d5a7\" data-id=\"61d5a7\" data-element_type=\"column\" data-e-type=\"column\" data-settings=\"{&quot;background_background&quot;:&quot;slideshow&quot;,&quot;background_slideshow_gallery&quot;:[],&quot;background_slideshow_loop&quot;:&quot;yes&quot;,&quot;background_slideshow_slide_duration&quot;:5000,&quot;background_slideshow_slide_transition&quot;:&quot;fade&quot;,&quot;background_slideshow_transition_duration&quot;:500}\">\n\t\t\t<div class=\"elementor-widget-wrap elementor-element-populated\">\n\t\t\t\t\t\t<div class=\"elementor-element elementor-element-3976e468 elementor-widget elementor-widget-heading\" data-id=\"3976e468\" data-element_type=\"widget\" data-e-type=\"widget\" data-widget_type=\"heading.default\">\n\t\t\t\t<div class=\"elementor-widget-container\">\n\t\t\t\t\t<h2 class=\"elementor-heading-title elementor-size-default\">KNIGHT ISLAND<\/h2>\t\t\t\t<\/div>\n\t\t\t\t<\/div>\n\t\t\t\t<div class=\"elementor-element elementor-element-100209ef eael-fg-hoverer-content-align-left elementor-widget elementor-widget-eael-filterable-gallery\" data-id=\"100209ef\" data-element_type=\"widget\" data-e-type=\"widget\" data-settings=\"{&quot;pagination&quot;:&quot;yes&quot;,&quot;photo_gallery&quot;:&quot;yes&quot;}\" data-widget_type=\"eael-filterable-gallery.default\">\n\t\t\t\t<div class=\"elementor-widget-container\">\n\t\t\t\t\t<style id=\"eael-fg-inline-css-100209ef\">@media only screen and (max-width: 2399px) {\n\t\t\t\t\t.elementor-element.elementor-element-100209ef .eael-filterable-gallery-item-wrap {\n\t\t\t\t\t        width: 25%;\n\t\t\t\t\t    }\n\t\t\t\t\t}@media only screen and (max-width: 1024px) {\n\t\t\t\t\t.elementor-element.elementor-element-100209ef  .eael-filterable-gallery-item-wrap {\n\t\t\t\t\t        width: 50%;\n\t\t\t\t\t    }\n\t\t\t\t\t}@media only screen and (max-width: 767px) {\n\t\t\t\t\t.elementor-element.elementor-element-100209ef  .eael-filterable-gallery-item-wrap {\n\t\t\t\t\t        width: 100%;\n\t\t\t\t\t    }\n\t\t\t\t\t}<\/style>        <div id=\"eael-filter-gallery-wrapper-100209ef\" class=\"eael-filter-gallery-wrapper\" data-layout-mode=\"hoverer\" data-breakpoints=\"{&quot;mobile&quot;:{&quot;label&quot;:&quot;Mobile Portrait&quot;,&quot;value&quot;:767,&quot;default_value&quot;:767,&quot;direction&quot;:&quot;max&quot;,&quot;is_enabled&quot;:true},&quot;mobile_extra&quot;:{&quot;label&quot;:&quot;Mobile Landscape&quot;,&quot;value&quot;:880,&quot;default_value&quot;:880,&quot;direction&quot;:&quot;max&quot;,&quot;is_enabled&quot;:false},&quot;tablet&quot;:{&quot;label&quot;:&quot;Tablet Portrait&quot;,&quot;value&quot;:1024,&quot;default_value&quot;:1024,&quot;direction&quot;:&quot;max&quot;,&quot;is_enabled&quot;:true},&quot;tablet_extra&quot;:{&quot;label&quot;:&quot;Tablet Landscape&quot;,&quot;value&quot;:1200,&quot;default_value&quot;:1200,&quot;direction&quot;:&quot;max&quot;,&quot;is_enabled&quot;:false},&quot;laptop&quot;:{&quot;label&quot;:&quot;Laptop&quot;,&quot;value&quot;:1366,&quot;default_value&quot;:1366,&quot;direction&quot;:&quot;max&quot;,&quot;is_enabled&quot;:false},&quot;widescreen&quot;:{&quot;label&quot;:&quot;Widescreen&quot;,&quot;value&quot;:2400,&quot;default_value&quot;:2400,&quot;direction&quot;:&quot;min&quot;,&quot;is_enabled&quot;:false}}\" data-default_control_key=\"0\" data-custom_default_control=\"1\">\n                    <div class=\"eael-filter-gallery-container eael-filter-gallery-grid\" data-images-per-page=\"6\" data-total-gallery-items=\"4\" data-nomore-item-text=\"T\u00fcm\u00fc G\u00f6r\u00fcnt\u00fclendi\" data-is-randomize=\"no\" data-settings=\"{&quot;grid_style&quot;:&quot;grid&quot;,&quot;popup&quot;:&quot;buttons&quot;,&quot;duration&quot;:500,&quot;gallery_enabled&quot;:&quot;yes&quot;,&quot;video_gallery_yt_privacy&quot;:&quot;&quot;,&quot;control_all_text&quot;:null,&quot;post_id&quot;:1132,&quot;widget_id&quot;:&quot;100209ef&quot;}\" data-search-all=\"\" data-gallery-items=\"WyI8ZGl2IGNsYXNzPVwiZWFlbC1maWx0ZXJhYmxlLWdhbGxlcnktaXRlbS13cmFwIGVhZWwtY2Yta25pZ2h0LWlzbGFuZFwiPlxuXHRcdFx0XHQ8ZGl2IGNsYXNzPVwiZWFlbC1nYWxsZXJ5LWdyaWQtaXRlbVwiPjxhIGFyZWEtaGlkZGVuPVwidHJ1ZVwiIGhyZWY9XCJodHRwczpcL1wvc2FsbWFuc2Z1cm5pdHVyZS5jb21cL3RyXC93cC1jb250ZW50XC91cGxvYWRzXC8yMDI1XC8xMlwvMTEuanBnXCIgY2xhc3M9XCJlYWVsLW1hZ25pZmljLWxpbmsgZWFlbC1tYWduaWZpYy1saW5rLWNsb25lIGFjdGl2ZSBtZWRpYS1jb250ZW50LXdyYXAgYWN0aXZlXCIgZGF0YS1lbGVtZW50b3Itb3Blbi1saWdodGJveD1cInllc1wiIHRpdGxlPVwiS05JR0hUIElTTEFORFwiPjxkaXYgY2xhc3M9XCJnYWxsZXJ5LWl0ZW0tdGh1bWJuYWlsLXdyYXBcIj48aW1nIHdpZHRoPVwiMzAwXCIgaGVpZ2h0PVwiMjAwXCIgc3JjPVwiaHR0cHM6XC9cL3NhbG1hbnNmdXJuaXR1cmUuY29tXC90clwvd3AtY29udGVudFwvdXBsb2Fkc1wvMjAyNVwvMTJcLzExLTMwMHgyMDAuanBnXCIgY2xhc3M9XCJhdHRhY2htZW50LW1lZGl1bSBzaXplLW1lZGl1bSB3cC1pbWFnZS0xMTQxXCIgYWx0PVwiXCIgc3Jjc2V0PVwiaHR0cHM6XC9cL3NhbG1hbnNmdXJuaXR1cmUuY29tXC90clwvd3AtY29udGVudFwvdXBsb2Fkc1wvMjAyNVwvMTJcLzExLTMwMHgyMDAuanBnIDMwMHcsIGh0dHBzOlwvXC9zYWxtYW5zZnVybml0dXJlLmNvbVwvdHJcL3dwLWNvbnRlbnRcL3VwbG9hZHNcLzIwMjVcLzEyXC8xMS0xMDI0eDY4My5qcGcgMTAyNHcsIGh0dHBzOlwvXC9zYWxtYW5zZnVybml0dXJlLmNvbVwvdHJcL3dwLWNvbnRlbnRcL3VwbG9hZHNcLzIwMjVcLzEyXC8xMS03Njh4NTEyLmpwZyA3Njh3LCBodHRwczpcL1wvc2FsbWFuc2Z1cm5pdHVyZS5jb21cL3RyXC93cC1jb250ZW50XC91cGxvYWRzXC8yMDI1XC8xMlwvMTEtMTUzNngxMDI1LmpwZyAxNTM2dywgaHR0cHM6XC9cL3NhbG1hbnNmdXJuaXR1cmUuY29tXC90clwvd3AtY29udGVudFwvdXBsb2Fkc1wvMjAyNVwvMTJcLzExLmpwZyAxNjE5d1wiIHNpemVzPVwiKG1heC13aWR0aDogMzAwcHgpIDEwMHZ3LCAzMDBweFwiIFwvPjxcL2Rpdj48ZGl2IGNsYXNzPVwiZ2FsbGVyeS1pdGVtLWNhcHRpb24td3JhcCBjYXB0aW9uLXN0eWxlLWhvdmVyZXIgZWFlbC1zbGlkZS11cFwiPjxkaXYgY2xhc3M9XCJnYWxsZXJ5LWl0ZW0taG92ZXJlci1iZ1wiPjxcL2Rpdj48ZGl2IGNsYXNzPVwiZ2FsbGVyeS1pdGVtLWNhcHRpb24tb3ZlclwiPjxoMiBjbGFzcz1cImZnLWl0ZW0tdGl0bGVcIj5LTklHSFQgSVNMQU5EPFwvaDI+PFwvZGl2PjxcL2Rpdj48XC9hPjxcL2Rpdj48XC9kaXY+IiwiPGRpdiBjbGFzcz1cImVhZWwtZmlsdGVyYWJsZS1nYWxsZXJ5LWl0ZW0td3JhcCBlYWVsLWNmLWtuaWdodC1pc2xhbmRcIj5cblx0XHRcdFx0PGRpdiBjbGFzcz1cImVhZWwtZ2FsbGVyeS1ncmlkLWl0ZW1cIj48YSBhcmVhLWhpZGRlbj1cInRydWVcIiBocmVmPVwiaHR0cHM6XC9cL3NhbG1hbnNmdXJuaXR1cmUuY29tXC90clwvd3AtY29udGVudFwvdXBsb2Fkc1wvMjAyNVwvMTJcLzYuanBnXCIgY2xhc3M9XCJlYWVsLW1hZ25pZmljLWxpbmsgZWFlbC1tYWduaWZpYy1saW5rLWNsb25lIGFjdGl2ZSBtZWRpYS1jb250ZW50LXdyYXAgYWN0aXZlXCIgZGF0YS1lbGVtZW50b3Itb3Blbi1saWdodGJveD1cInllc1wiIHRpdGxlPVwiS05JR0hUIElTTEFORFwiPjxkaXYgY2xhc3M9XCJnYWxsZXJ5LWl0ZW0tdGh1bWJuYWlsLXdyYXBcIj48aW1nIHdpZHRoPVwiMzAwXCIgaGVpZ2h0PVwiMjAwXCIgc3JjPVwiaHR0cHM6XC9cL3NhbG1hbnNmdXJuaXR1cmUuY29tXC90clwvd3AtY29udGVudFwvdXBsb2Fkc1wvMjAyNVwvMTJcLzYtMzAweDIwMC5qcGdcIiBjbGFzcz1cImF0dGFjaG1lbnQtbWVkaXVtIHNpemUtbWVkaXVtIHdwLWltYWdlLTExNDBcIiBhbHQ9XCJcIiBzcmNzZXQ9XCJodHRwczpcL1wvc2FsbWFuc2Z1cm5pdHVyZS5jb21cL3RyXC93cC1jb250ZW50XC91cGxvYWRzXC8yMDI1XC8xMlwvNi0zMDB4MjAwLmpwZyAzMDB3LCBodHRwczpcL1wvc2FsbWFuc2Z1cm5pdHVyZS5jb21cL3RyXC93cC1jb250ZW50XC91cGxvYWRzXC8yMDI1XC8xMlwvNi0xMDI0eDY4My5qcGcgMTAyNHcsIGh0dHBzOlwvXC9zYWxtYW5zZnVybml0dXJlLmNvbVwvdHJcL3dwLWNvbnRlbnRcL3VwbG9hZHNcLzIwMjVcLzEyXC82LTc2OHg1MTIuanBnIDc2OHcsIGh0dHBzOlwvXC9zYWxtYW5zZnVybml0dXJlLmNvbVwvdHJcL3dwLWNvbnRlbnRcL3VwbG9hZHNcLzIwMjVcLzEyXC82LTE1MzZ4MTAyNS5qcGcgMTUzNncsIGh0dHBzOlwvXC9zYWxtYW5zZnVybml0dXJlLmNvbVwvdHJcL3dwLWNvbnRlbnRcL3VwbG9hZHNcLzIwMjVcLzEyXC82LmpwZyAxNjE5d1wiIHNpemVzPVwiKG1heC13aWR0aDogMzAwcHgpIDEwMHZ3LCAzMDBweFwiIFwvPjxcL2Rpdj48ZGl2IGNsYXNzPVwiZ2FsbGVyeS1pdGVtLWNhcHRpb24td3JhcCBjYXB0aW9uLXN0eWxlLWhvdmVyZXIgZWFlbC1zbGlkZS11cFwiPjxkaXYgY2xhc3M9XCJnYWxsZXJ5LWl0ZW0taG92ZXJlci1iZ1wiPjxcL2Rpdj48ZGl2IGNsYXNzPVwiZ2FsbGVyeS1pdGVtLWNhcHRpb24tb3ZlclwiPjxoMiBjbGFzcz1cImZnLWl0ZW0tdGl0bGVcIj5LTklHSFQgSVNMQU5EPFwvaDI+PFwvZGl2PjxcL2Rpdj48XC9hPjxcL2Rpdj48XC9kaXY+IiwiPGRpdiBjbGFzcz1cImVhZWwtZmlsdGVyYWJsZS1nYWxsZXJ5LWl0ZW0td3JhcCBlYWVsLWNmLWtuaWdodC1pc2xhbmRcIj5cblx0XHRcdFx0PGRpdiBjbGFzcz1cImVhZWwtZ2FsbGVyeS1ncmlkLWl0ZW1cIj48YSBhcmVhLWhpZGRlbj1cInRydWVcIiBocmVmPVwiaHR0cHM6XC9cL3NhbG1hbnNmdXJuaXR1cmUuY29tXC90clwvd3AtY29udGVudFwvdXBsb2Fkc1wvMjAyNVwvMTJcLzMtMS5qcGdcIiBjbGFzcz1cImVhZWwtbWFnbmlmaWMtbGluayBlYWVsLW1hZ25pZmljLWxpbmstY2xvbmUgYWN0aXZlIG1lZGlhLWNvbnRlbnQtd3JhcCBhY3RpdmVcIiBkYXRhLWVsZW1lbnRvci1vcGVuLWxpZ2h0Ym94PVwieWVzXCIgdGl0bGU9XCJLTklHSFQgSVNMQU5EXCI+PGRpdiBjbGFzcz1cImdhbGxlcnktaXRlbS10aHVtYm5haWwtd3JhcFwiPjxpbWcgd2lkdGg9XCIzMDBcIiBoZWlnaHQ9XCIyMDBcIiBzcmM9XCJodHRwczpcL1wvc2FsbWFuc2Z1cm5pdHVyZS5jb21cL3RyXC93cC1jb250ZW50XC91cGxvYWRzXC8yMDI1XC8xMlwvMy0xLTMwMHgyMDAuanBnXCIgY2xhc3M9XCJhdHRhY2htZW50LW1lZGl1bSBzaXplLW1lZGl1bSB3cC1pbWFnZS0xMTM5XCIgYWx0PVwiXCIgc3Jjc2V0PVwiaHR0cHM6XC9cL3NhbG1hbnNmdXJuaXR1cmUuY29tXC90clwvd3AtY29udGVudFwvdXBsb2Fkc1wvMjAyNVwvMTJcLzMtMS0zMDB4MjAwLmpwZyAzMDB3LCBodHRwczpcL1wvc2FsbWFuc2Z1cm5pdHVyZS5jb21cL3RyXC93cC1jb250ZW50XC91cGxvYWRzXC8yMDI1XC8xMlwvMy0xLTEwMjR4NjgzLmpwZyAxMDI0dywgaHR0cHM6XC9cL3NhbG1hbnNmdXJuaXR1cmUuY29tXC90clwvd3AtY29udGVudFwvdXBsb2Fkc1wvMjAyNVwvMTJcLzMtMS03Njh4NTEyLmpwZyA3Njh3LCBodHRwczpcL1wvc2FsbWFuc2Z1cm5pdHVyZS5jb21cL3RyXC93cC1jb250ZW50XC91cGxvYWRzXC8yMDI1XC8xMlwvMy0xLTE1MzZ4MTAyNS5qcGcgMTUzNncsIGh0dHBzOlwvXC9zYWxtYW5zZnVybml0dXJlLmNvbVwvdHJcL3dwLWNvbnRlbnRcL3VwbG9hZHNcLzIwMjVcLzEyXC8zLTEuanBnIDE2MTl3XCIgc2l6ZXM9XCIobWF4LXdpZHRoOiAzMDBweCkgMTAwdncsIDMwMHB4XCIgXC8+PFwvZGl2PjxkaXYgY2xhc3M9XCJnYWxsZXJ5LWl0ZW0tY2FwdGlvbi13cmFwIGNhcHRpb24tc3R5bGUtaG92ZXJlciBlYWVsLXNsaWRlLXVwXCI+PGRpdiBjbGFzcz1cImdhbGxlcnktaXRlbS1ob3ZlcmVyLWJnXCI+PFwvZGl2PjxkaXYgY2xhc3M9XCJnYWxsZXJ5LWl0ZW0tY2FwdGlvbi1vdmVyXCI+PGgyIGNsYXNzPVwiZmctaXRlbS10aXRsZVwiPktOSUdIVCBJU0xBTkQ8XC9oMj48XC9kaXY+PFwvZGl2PjxcL2E+PFwvZGl2PjxcL2Rpdj4iLCI8ZGl2IGNsYXNzPVwiZWFlbC1maWx0ZXJhYmxlLWdhbGxlcnktaXRlbS13cmFwIGVhZWwtY2Yta25pZ2h0LWlzbGFuZFwiPlxuXHRcdFx0XHQ8ZGl2IGNsYXNzPVwiZWFlbC1nYWxsZXJ5LWdyaWQtaXRlbVwiPjxhIGFyZWEtaGlkZGVuPVwidHJ1ZVwiIGhyZWY9XCJodHRwczpcL1wvc2FsbWFuc2Z1cm5pdHVyZS5jb21cL3RyXC93cC1jb250ZW50XC91cGxvYWRzXC8yMDI1XC8xMlwvMi0xLmpwZ1wiIGNsYXNzPVwiZWFlbC1tYWduaWZpYy1saW5rIGVhZWwtbWFnbmlmaWMtbGluay1jbG9uZSBhY3RpdmUgbWVkaWEtY29udGVudC13cmFwIGFjdGl2ZVwiIGRhdGEtZWxlbWVudG9yLW9wZW4tbGlnaHRib3g9XCJ5ZXNcIiB0aXRsZT1cIktOSUdIVCBJU0xBTkRcIj48ZGl2IGNsYXNzPVwiZ2FsbGVyeS1pdGVtLXRodW1ibmFpbC13cmFwXCI+PGltZyB3aWR0aD1cIjMwMFwiIGhlaWdodD1cIjIwMFwiIHNyYz1cImh0dHBzOlwvXC9zYWxtYW5zZnVybml0dXJlLmNvbVwvdHJcL3dwLWNvbnRlbnRcL3VwbG9hZHNcLzIwMjVcLzEyXC8yLTEtMzAweDIwMC5qcGdcIiBjbGFzcz1cImF0dGFjaG1lbnQtbWVkaXVtIHNpemUtbWVkaXVtIHdwLWltYWdlLTExMzhcIiBhbHQ9XCJcIiBzcmNzZXQ9XCJodHRwczpcL1wvc2FsbWFuc2Z1cm5pdHVyZS5jb21cL3RyXC93cC1jb250ZW50XC91cGxvYWRzXC8yMDI1XC8xMlwvMi0xLTMwMHgyMDAuanBnIDMwMHcsIGh0dHBzOlwvXC9zYWxtYW5zZnVybml0dXJlLmNvbVwvdHJcL3dwLWNvbnRlbnRcL3VwbG9hZHNcLzIwMjVcLzEyXC8yLTEtMTAyNHg2ODMuanBnIDEwMjR3LCBodHRwczpcL1wvc2FsbWFuc2Z1cm5pdHVyZS5jb21cL3RyXC93cC1jb250ZW50XC91cGxvYWRzXC8yMDI1XC8xMlwvMi0xLTc2OHg1MTIuanBnIDc2OHcsIGh0dHBzOlwvXC9zYWxtYW5zZnVybml0dXJlLmNvbVwvdHJcL3dwLWNvbnRlbnRcL3VwbG9hZHNcLzIwMjVcLzEyXC8yLTEtMTUzNngxMDI1LmpwZyAxNTM2dywgaHR0cHM6XC9cL3NhbG1hbnNmdXJuaXR1cmUuY29tXC90clwvd3AtY29udGVudFwvdXBsb2Fkc1wvMjAyNVwvMTJcLzItMS5qcGcgMTYxOXdcIiBzaXplcz1cIihtYXgtd2lkdGg6IDMwMHB4KSAxMDB2dywgMzAwcHhcIiBcLz48XC9kaXY+PGRpdiBjbGFzcz1cImdhbGxlcnktaXRlbS1jYXB0aW9uLXdyYXAgY2FwdGlvbi1zdHlsZS1ob3ZlcmVyIGVhZWwtc2xpZGUtdXBcIj48ZGl2IGNsYXNzPVwiZ2FsbGVyeS1pdGVtLWhvdmVyZXItYmdcIj48XC9kaXY+PGRpdiBjbGFzcz1cImdhbGxlcnktaXRlbS1jYXB0aW9uLW92ZXJcIj48aDIgY2xhc3M9XCJmZy1pdGVtLXRpdGxlXCI+S05JR0hUIElTTEFORDxcL2gyPjxcL2Rpdj48XC9kaXY+PFwvYT48XC9kaXY+PFwvZGl2PiJd\" data-init-show=\"8\">\n            <div class=\"eael-filterable-gallery-item-wrap eael-cf-knight-island\">\n\t\t\t\t<div class=\"eael-gallery-grid-item\"><a area-hidden=\"true\" href=\"https:\/\/salmansfurniture.com\/tr\/wp-content\/uploads\/2025\/12\/11.jpg\" class=\"eael-magnific-link eael-magnific-link-clone active media-content-wrap active\" data-elementor-open-lightbox=\"yes\" title=\"KNIGHT ISLAND\"><div class=\"gallery-item-thumbnail-wrap\"><img fetchpriority=\"high\" decoding=\"async\" width=\"300\" height=\"200\" src=\"https:\/\/salmansfurniture.com\/tr\/wp-content\/uploads\/2025\/12\/11-300x200.jpg\" class=\"attachment-medium size-medium wp-image-1141\" alt=\"\" srcset=\"https:\/\/salmansfurniture.com\/tr\/wp-content\/uploads\/2025\/12\/11-300x200.jpg 300w, https:\/\/salmansfurniture.com\/tr\/wp-content\/uploads\/2025\/12\/11-1024x683.jpg 1024w, https:\/\/salmansfurniture.com\/tr\/wp-content\/uploads\/2025\/12\/11-768x512.jpg 768w, https:\/\/salmansfurniture.com\/tr\/wp-content\/uploads\/2025\/12\/11-1536x1025.jpg 1536w, https:\/\/salmansfurniture.com\/tr\/wp-content\/uploads\/2025\/12\/11.jpg 1619w\" sizes=\"(max-width: 300px) 100vw, 300px\" \/><\/div><div class=\"gallery-item-caption-wrap caption-style-hoverer eael-slide-up\"><div class=\"gallery-item-hoverer-bg\"><\/div><div class=\"gallery-item-caption-over\"><h2 class=\"fg-item-title\">KNIGHT ISLAND<\/h2><\/div><\/div><\/a><\/div><\/div><div class=\"eael-filterable-gallery-item-wrap eael-cf-knight-island\">\n\t\t\t\t<div class=\"eael-gallery-grid-item\"><a area-hidden=\"true\" href=\"https:\/\/salmansfurniture.com\/tr\/wp-content\/uploads\/2025\/12\/6.jpg\" class=\"eael-magnific-link eael-magnific-link-clone active media-content-wrap active\" data-elementor-open-lightbox=\"yes\" title=\"KNIGHT ISLAND\"><div class=\"gallery-item-thumbnail-wrap\"><img decoding=\"async\" width=\"300\" height=\"200\" src=\"https:\/\/salmansfurniture.com\/tr\/wp-content\/uploads\/2025\/12\/6-300x200.jpg\" class=\"attachment-medium size-medium wp-image-1140\" alt=\"\" srcset=\"https:\/\/salmansfurniture.com\/tr\/wp-content\/uploads\/2025\/12\/6-300x200.jpg 300w, https:\/\/salmansfurniture.com\/tr\/wp-content\/uploads\/2025\/12\/6-1024x683.jpg 1024w, https:\/\/salmansfurniture.com\/tr\/wp-content\/uploads\/2025\/12\/6-768x512.jpg 768w, https:\/\/salmansfurniture.com\/tr\/wp-content\/uploads\/2025\/12\/6-1536x1025.jpg 1536w, https:\/\/salmansfurniture.com\/tr\/wp-content\/uploads\/2025\/12\/6.jpg 1619w\" sizes=\"(max-width: 300px) 100vw, 300px\" \/><\/div><div class=\"gallery-item-caption-wrap caption-style-hoverer eael-slide-up\"><div class=\"gallery-item-hoverer-bg\"><\/div><div class=\"gallery-item-caption-over\"><h2 class=\"fg-item-title\">KNIGHT ISLAND<\/h2><\/div><\/div><\/a><\/div><\/div><div class=\"eael-filterable-gallery-item-wrap eael-cf-knight-island\">\n\t\t\t\t<div class=\"eael-gallery-grid-item\"><a area-hidden=\"true\" href=\"https:\/\/salmansfurniture.com\/tr\/wp-content\/uploads\/2025\/12\/3-1.jpg\" class=\"eael-magnific-link eael-magnific-link-clone active media-content-wrap active\" data-elementor-open-lightbox=\"yes\" title=\"KNIGHT ISLAND\"><div class=\"gallery-item-thumbnail-wrap\"><img decoding=\"async\" width=\"300\" height=\"200\" src=\"https:\/\/salmansfurniture.com\/tr\/wp-content\/uploads\/2025\/12\/3-1-300x200.jpg\" class=\"attachment-medium size-medium wp-image-1139\" alt=\"\" srcset=\"https:\/\/salmansfurniture.com\/tr\/wp-content\/uploads\/2025\/12\/3-1-300x200.jpg 300w, https:\/\/salmansfurniture.com\/tr\/wp-content\/uploads\/2025\/12\/3-1-1024x683.jpg 1024w, https:\/\/salmansfurniture.com\/tr\/wp-content\/uploads\/2025\/12\/3-1-768x512.jpg 768w, https:\/\/salmansfurniture.com\/tr\/wp-content\/uploads\/2025\/12\/3-1-1536x1025.jpg 1536w, https:\/\/salmansfurniture.com\/tr\/wp-content\/uploads\/2025\/12\/3-1.jpg 1619w\" sizes=\"(max-width: 300px) 100vw, 300px\" \/><\/div><div class=\"gallery-item-caption-wrap caption-style-hoverer eael-slide-up\"><div class=\"gallery-item-hoverer-bg\"><\/div><div class=\"gallery-item-caption-over\"><h2 class=\"fg-item-title\">KNIGHT ISLAND<\/h2><\/div><\/div><\/a><\/div><\/div><div class=\"eael-filterable-gallery-item-wrap eael-cf-knight-island\">\n\t\t\t\t<div class=\"eael-gallery-grid-item\"><a area-hidden=\"true\" href=\"https:\/\/salmansfurniture.com\/tr\/wp-content\/uploads\/2025\/12\/2-1.jpg\" class=\"eael-magnific-link eael-magnific-link-clone active media-content-wrap active\" data-elementor-open-lightbox=\"yes\" title=\"KNIGHT ISLAND\"><div class=\"gallery-item-thumbnail-wrap\"><img loading=\"lazy\" decoding=\"async\" width=\"300\" height=\"200\" src=\"https:\/\/salmansfurniture.com\/tr\/wp-content\/uploads\/2025\/12\/2-1-300x200.jpg\" class=\"attachment-medium size-medium wp-image-1138\" alt=\"\" srcset=\"https:\/\/salmansfurniture.com\/tr\/wp-content\/uploads\/2025\/12\/2-1-300x200.jpg 300w, https:\/\/salmansfurniture.com\/tr\/wp-content\/uploads\/2025\/12\/2-1-1024x683.jpg 1024w, https:\/\/salmansfurniture.com\/tr\/wp-content\/uploads\/2025\/12\/2-1-768x512.jpg 768w, https:\/\/salmansfurniture.com\/tr\/wp-content\/uploads\/2025\/12\/2-1-1536x1025.jpg 1536w, https:\/\/salmansfurniture.com\/tr\/wp-content\/uploads\/2025\/12\/2-1.jpg 1619w\" sizes=\"(max-width: 300px) 100vw, 300px\" \/><\/div><div class=\"gallery-item-caption-wrap caption-style-hoverer eael-slide-up\"><div class=\"gallery-item-hoverer-bg\"><\/div><div class=\"gallery-item-caption-over\"><h2 class=\"fg-item-title\">KNIGHT ISLAND<\/h2><\/div><\/div><\/a><\/div><\/div>        <\/div>\n                    <div class=\"eael-filterable-gallery-loadmore\">\n                <button class=\"eael-gallery-load-more elementor-button elementor-size-md\">\n                    <span class=\"eael-btn-loader\"><\/span>\n                                        <span class=\"eael-filterable-gallery-load-more-text\">\n                        DEVAMI                    <\/span>\n                                                                                                        <span class=\"eael-filterable-gallery-load-more-icon fg-load-more-icon-right \" aria-hidden=\"true\"><\/span>\n                                                                                        <\/button>\n            <\/div>\n                <\/div>\n        \n        \t\t\t\t<\/div>\n\t\t\t\t<\/div>\n\t\t\t\t\t<\/div>\n\t\t<\/div>\n\t\t\t\t\t<\/div>\n\t\t<\/section>\n\t\t\t\t<\/div>\n\t\t","protected":false},"excerpt":{"rendered":"<p>KNIGHT ISLAND KNIGHT ISLAND KNIGHT ISLAND KNIGHT ISLAND KNIGHT ISLAND DEVAMI<\/p>\n","protected":false},"author":1,"featured_media":0,"parent":0,"menu_order":0,"comment_status":"closed","ping_status":"closed","template":"","meta":{"footnotes":""},"class_list":["post-1132","page","type-page","status-publish","hentry"],"_links":{"self":[{"href":"https:\/\/salmansfurniture.com\/tr\/wp-json\/wp\/v2\/pages\/1132","targetHints":{"allow":["GET"]}}],"collection":[{"href":"https:\/\/salmansfurniture.com\/tr\/wp-json\/wp\/v2\/pages"}],"about":[{"href":"https:\/\/salmansfurniture.com\/tr\/wp-json\/wp\/v2\/types\/page"}],"author":[{"embeddable":true,"href":"https:\/\/salmansfurniture.com\/tr\/wp-json\/wp\/v2\/users\/1"}],"replies":[{"embeddable":true,"href":"https:\/\/salmansfurniture.com\/tr\/wp-json\/wp\/v2\/comments?post=1132"}],"version-history":[{"count":4,"href":"https:\/\/salmansfurniture.com\/tr\/wp-json\/wp\/v2\/pages\/1132\/revisions"}],"predecessor-version":[{"id":1144,"href":"https:\/\/salmansfurniture.com\/tr\/wp-json\/wp\/v2\/pages\/1132\/revisions\/1144"}],"wp:attachment":[{"href":"https:\/\/salmansfurniture.com\/tr\/wp-json\/wp\/v2\/media?parent=1132"}],"curies":[{"name":"wp","href":"https:\/\/api.w.org\/{rel}","templated":true}]}}