{"id":1004,"date":"2024-12-07T09:24:36","date_gmt":"2024-12-07T09:24:36","guid":{"rendered":"https:\/\/salmansfurniture.com\/tr\/?page_id=1004"},"modified":"2026-04-02T06:36:49","modified_gmt":"2026-04-02T06:36:49","slug":"hakkimizda","status":"publish","type":"page","link":"https:\/\/salmansfurniture.com\/tr\/hakkimizda\/","title":{"rendered":"hakk\u0131m\u0131zda"},"content":{"rendered":"\t\t<div data-elementor-type=\"wp-page\" data-elementor-id=\"1004\" class=\"elementor elementor-1004\">\n\t\t\t\t\t\t<section class=\"elementor-section elementor-top-section elementor-element elementor-element-424ed20 elementor-section-full_width elementor-section-stretched elementor-section-height-default elementor-section-height-default\" data-id=\"424ed20\" data-element_type=\"section\" data-e-type=\"section\" data-settings=\"{&quot;stretch_section&quot;:&quot;section-stretched&quot;,&quot;background_background&quot;:&quot;classic&quot;}\">\n\t\t\t\t\t\t<div class=\"elementor-container elementor-column-gap-default\">\n\t\t\t\t\t<div class=\"elementor-column elementor-col-100 elementor-top-column elementor-element elementor-element-0f5df90\" data-id=\"0f5df90\" data-element_type=\"column\" data-e-type=\"column\">\n\t\t\t<div class=\"elementor-widget-wrap elementor-element-populated\">\n\t\t\t\t\t\t<div class=\"elementor-element elementor-element-2b35fbf elementor-widget elementor-widget-spacer\" data-id=\"2b35fbf\" data-element_type=\"widget\" data-e-type=\"widget\" data-widget_type=\"spacer.default\">\n\t\t\t\t<div class=\"elementor-widget-container\">\n\t\t\t\t\t\t\t<div class=\"elementor-spacer\">\n\t\t\t<div class=\"elementor-spacer-inner\"><\/div>\n\t\t<\/div>\n\t\t\t\t\t\t<\/div>\n\t\t\t\t<\/div>\n\t\t\t\t\t<\/div>\n\t\t<\/div>\n\t\t\t\t\t<\/div>\n\t\t<\/section>\n\t\t\t\t<section class=\"elementor-section elementor-top-section elementor-element elementor-element-a4807b4 elementor-section-boxed elementor-section-height-default elementor-section-height-default\" data-id=\"a4807b4\" data-element_type=\"section\" data-e-type=\"section\">\n\t\t\t\t\t\t<div class=\"elementor-container elementor-column-gap-default\">\n\t\t\t\t\t<div class=\"elementor-column elementor-col-100 elementor-top-column elementor-element elementor-element-61fbf07\" data-id=\"61fbf07\" data-element_type=\"column\" data-e-type=\"column\">\n\t\t\t<div class=\"elementor-widget-wrap elementor-element-populated\">\n\t\t\t\t\t\t<div class=\"elementor-element elementor-element-f7fb65a elementor-widget elementor-widget-spacer\" data-id=\"f7fb65a\" data-element_type=\"widget\" data-e-type=\"widget\" data-widget_type=\"spacer.default\">\n\t\t\t\t<div class=\"elementor-widget-container\">\n\t\t\t\t\t\t\t<div class=\"elementor-spacer\">\n\t\t\t<div class=\"elementor-spacer-inner\"><\/div>\n\t\t<\/div>\n\t\t\t\t\t\t<\/div>\n\t\t\t\t<\/div>\n\t\t\t\t<div class=\"elementor-element elementor-element-3e70372 elementor-widget elementor-widget-text-editor\" data-id=\"3e70372\" data-element_type=\"widget\" data-e-type=\"widget\" data-widget_type=\"text-editor.default\">\n\t\t\t\t<div class=\"elementor-widget-container\">\n\t\t\t\t\t\t\t\t\t<h3>Hakk\u0131m\u0131zda<\/h3><p>\u201cMarangozlu\u011fa olan tutkumuzun k\u00f6kleri \u00fc\u00e7 nesile uzanan aile geleneklerine dayanmaktad\u0131r. Mesle\u011fimizin miras\u0131 1950 y\u0131l\u0131nda dedemizle ba\u015flam\u0131\u015f, babam\u0131z\u0131n \u00f6zverili \u00e7al\u0131\u015fmalar\u0131yla devam etmi\u015f ve bizde de ayn\u0131 tutku ve sevgiyle s\u00fcrd\u00fcr\u00fclmektedir. Ustal\u0131\u011f\u0131m\u0131z\u0131 ve sevgimizi sizlerle payla\u015farak, kendi ailenizin geleneklerine marangozlukla g\u00fczel mekanlar yaratarak gelenekten gelece\u011fe yolculu\u011fa devam etmenin heyecan\u0131n\u0131 ya\u015f\u0131yoruz. Yaratt\u0131\u011f\u0131m\u0131z her \u015feyde, sadece ustal\u0131\u011f\u0131m\u0131z\u0131 ve i\u015fimize olan sevgimizi her ayr\u0131nt\u0131da bulmakla kalmayacak, ayn\u0131 zamanda kalite ve esteti\u011fin de en iyisine sahip olacaks\u0131n\u0131z.<\/p><p>Y\u0131llar\u0131n verdi\u011fi tecr\u00fcbenin verdi\u011fi \u00f6zeni, yaratt\u0131\u011f\u0131m\u0131z sanat eserlerinde tam anlam\u0131yla hissedebiliyor ve g\u00f6rebiliyorsunuz ve bu e\u015fsiz tasar\u0131m ve \u00fcretimleri sosyal medya sayfalar\u0131m\u0131zda sizlerle payla\u015fmaktan gurur duyuyoruz. Yaratman\u0131n yan\u0131 s\u0131ra hedeflerimizden ve en b\u00fcy\u00fck ba\u015far\u0131lar\u0131m\u0131zdan biri, bu muhte\u015fem mesle\u011fin yay\u0131lmas\u0131 umuduyla gelecek nesillere ula\u015fmak ve onlara ilham vermektir. Marangozluk sanat\u0131n\u0131n inceliklerini ve g\u00fczelliklerini g\u00f6stererek, gen\u00e7 potansiyel profesyonellerin ilgisini ortaya \u00e7\u0131karmaya veya art\u0131rmaya \u00e7al\u0131\u015f\u0131yoruz.<\/p><p>Dedemizin, babam\u0131z\u0131n bizim i\u00e7in yapt\u0131\u011f\u0131 gibi biz de gen\u00e7lere ilham vermeye ve desteklemeye devam edece\u011fiz. Hem ge\u00e7mi\u015fin izlerini ta\u015f\u0131yan, hem de ki\u015fiye \u00f6zel modern tasar\u0131mlarla gelece\u011fe y\u00f6n veren \u00e7al\u0131\u015fmalar\u0131m\u0131z\u0131 ke\u015ffederek ve deneyimleyerek bizi takip etmenizi \u00f6nemle rica ederiz.\u201d<\/p>\t\t\t\t\t\t\t\t<\/div>\n\t\t\t\t<\/div>\n\t\t\t\t<div class=\"elementor-element elementor-element-528d33f elementor-widget elementor-widget-spacer\" data-id=\"528d33f\" data-element_type=\"widget\" data-e-type=\"widget\" data-widget_type=\"spacer.default\">\n\t\t\t\t<div class=\"elementor-widget-container\">\n\t\t\t\t\t\t\t<div class=\"elementor-spacer\">\n\t\t\t<div class=\"elementor-spacer-inner\"><\/div>\n\t\t<\/div>\n\t\t\t\t\t\t<\/div>\n\t\t\t\t<\/div>\n\t\t\t\t\t<\/div>\n\t\t<\/div>\n\t\t\t\t\t<\/div>\n\t\t<\/section>\n\t\t\t\t<section class=\"elementor-section elementor-top-section elementor-element elementor-element-7457e6b elementor-section-boxed elementor-section-height-default elementor-section-height-default\" data-id=\"7457e6b\" data-element_type=\"section\" data-e-type=\"section\">\n\t\t\t\t\t\t<div class=\"elementor-container elementor-column-gap-default\">\n\t\t\t\t\t<div class=\"elementor-column elementor-col-25 elementor-top-column elementor-element elementor-element-3d77f20\" data-id=\"3d77f20\" data-element_type=\"column\" data-e-type=\"column\">\n\t\t\t<div class=\"elementor-widget-wrap\">\n\t\t\t\t\t\t\t<\/div>\n\t\t<\/div>\n\t\t\t\t<div class=\"elementor-column elementor-col-25 elementor-top-column elementor-element elementor-element-657aa35\" data-id=\"657aa35\" data-element_type=\"column\" data-e-type=\"column\">\n\t\t\t<div class=\"elementor-widget-wrap elementor-element-populated\">\n\t\t\t\t\t\t<div class=\"elementor-element elementor-element-dffed25 elementor-align-center elementor-widget elementor-widget-the7_button_widget\" data-id=\"dffed25\" data-element_type=\"widget\" data-e-type=\"widget\" data-widget_type=\"the7_button_widget.default\">\n\t\t\t\t<div class=\"elementor-widget-container\">\n\t\t\t\t\t<div class=\"elementor-button-wrapper\"><a href=\"https:\/\/salmansfurniture.com\/tr\/wp-content\/uploads\/2024\/12\/Salmans-Catalog.pdf\" target=\"_blank\" class=\"box-button elementor-button elementor-size-xs\">FULL KATALOG<\/a><\/div>\t\t\t\t<\/div>\n\t\t\t\t<\/div>\n\t\t\t\t\t<\/div>\n\t\t<\/div>\n\t\t\t\t<div class=\"elementor-column elementor-col-25 elementor-top-column elementor-element elementor-element-c2b2b95\" data-id=\"c2b2b95\" data-element_type=\"column\" data-e-type=\"column\">\n\t\t\t<div class=\"elementor-widget-wrap elementor-element-populated\">\n\t\t\t\t\t\t<div class=\"elementor-element elementor-element-71366b9 elementor-align-center elementor-widget elementor-widget-the7_button_widget\" data-id=\"71366b9\" data-element_type=\"widget\" data-e-type=\"widget\" data-widget_type=\"the7_button_widget.default\">\n\t\t\t\t<div class=\"elementor-widget-container\">\n\t\t\t\t\t<div class=\"elementor-button-wrapper\"><a href=\"https:\/\/salmansfurniture.com\/tr\/wp-content\/uploads\/2024\/12\/salmans-katalog.pdf\" target=\"_blank\" class=\"box-button elementor-button elementor-size-xs\">MINI KATALOG<\/a><\/div>\t\t\t\t<\/div>\n\t\t\t\t<\/div>\n\t\t\t\t\t<\/div>\n\t\t<\/div>\n\t\t\t\t<div class=\"elementor-column elementor-col-25 elementor-top-column elementor-element elementor-element-085446a\" data-id=\"085446a\" data-element_type=\"column\" data-e-type=\"column\">\n\t\t\t<div class=\"elementor-widget-wrap\">\n\t\t\t\t\t\t\t<\/div>\n\t\t<\/div>\n\t\t\t\t\t<\/div>\n\t\t<\/section>\n\t\t\t\t<section class=\"elementor-section elementor-top-section elementor-element elementor-element-0aa078a elementor-section-boxed elementor-section-height-default elementor-section-height-default\" data-id=\"0aa078a\" data-element_type=\"section\" data-e-type=\"section\">\n\t\t\t\t\t\t<div class=\"elementor-container elementor-column-gap-default\">\n\t\t\t\t\t<div class=\"elementor-column elementor-col-50 elementor-top-column elementor-element elementor-element-3af925d\" data-id=\"3af925d\" data-element_type=\"column\" data-e-type=\"column\">\n\t\t\t<div class=\"elementor-widget-wrap elementor-element-populated\">\n\t\t\t\t\t\t<div class=\"elementor-element elementor-element-7f08811 elementor-arrows-position-inside elementor-pagination-position-outside elementor-widget elementor-widget-image-carousel\" data-id=\"7f08811\" data-element_type=\"widget\" data-e-type=\"widget\" data-settings=\"{&quot;navigation&quot;:&quot;both&quot;,&quot;autoplay&quot;:&quot;yes&quot;,&quot;pause_on_hover&quot;:&quot;yes&quot;,&quot;pause_on_interaction&quot;:&quot;yes&quot;,&quot;autoplay_speed&quot;:5000,&quot;infinite&quot;:&quot;yes&quot;,&quot;speed&quot;:500}\" data-widget_type=\"image-carousel.default\">\n\t\t\t\t<div class=\"elementor-widget-container\">\n\t\t\t\t\t\t\t<div class=\"elementor-image-carousel-wrapper swiper\" role=\"region\" aria-roledescription=\"carousel\" aria-label=\"Image Carousel\" dir=\"ltr\">\n\t\t\t<div class=\"elementor-image-carousel swiper-wrapper\" aria-live=\"off\">\n\t\t\t\t\t\t\t\t<div class=\"swiper-slide\" role=\"group\" aria-roledescription=\"slide\" aria-label=\"1 of 2\"><a data-elementor-open-lightbox=\"yes\" data-elementor-lightbox-slideshow=\"7f08811\" data-elementor-lightbox-title=\"Screenshot 2569-04-02 at 13.30.09\" data-e-action-hash=\"#elementor-action%3Aaction%3Dlightbox%26settings%3DeyJpZCI6MTI1NiwidXJsIjoiaHR0cHM6XC9cL3NhbG1hbnNmdXJuaXR1cmUuY29tXC90clwvd3AtY29udGVudFwvdXBsb2Fkc1wvMjAyNlwvMDRcL1NjcmVlbnNob3QtMjU2OS0wNC0wMi1hdC0xMy4zMC4wOS5wbmciLCJzbGlkZXNob3ciOiI3ZjA4ODExIn0%3D\" href=\"https:\/\/salmansfurniture.com\/tr\/wp-content\/uploads\/2026\/04\/Screenshot-2569-04-02-at-13.30.09.png\"><figure class=\"swiper-slide-inner\"><img decoding=\"async\" class=\"swiper-slide-image\" src=\"https:\/\/salmansfurniture.com\/tr\/wp-content\/uploads\/2026\/04\/Screenshot-2569-04-02-at-13.30.09-300x201.png\" alt=\"Screenshot 2569-04-02 at 13.30.09\" \/><\/figure><\/a><\/div><div class=\"swiper-slide\" role=\"group\" aria-roledescription=\"slide\" aria-label=\"2 of 2\"><a data-elementor-open-lightbox=\"yes\" data-elementor-lightbox-slideshow=\"7f08811\" data-elementor-lightbox-title=\"Screenshot 2569-04-02 at 13.29.33\" data-e-action-hash=\"#elementor-action%3Aaction%3Dlightbox%26settings%3DeyJpZCI6MTI1NSwidXJsIjoiaHR0cHM6XC9cL3NhbG1hbnNmdXJuaXR1cmUuY29tXC90clwvd3AtY29udGVudFwvdXBsb2Fkc1wvMjAyNlwvMDRcL1NjcmVlbnNob3QtMjU2OS0wNC0wMi1hdC0xMy4yOS4zMy5wbmciLCJzbGlkZXNob3ciOiI3ZjA4ODExIn0%3D\" href=\"https:\/\/salmansfurniture.com\/tr\/wp-content\/uploads\/2026\/04\/Screenshot-2569-04-02-at-13.29.33.png\"><figure class=\"swiper-slide-inner\"><img decoding=\"async\" class=\"swiper-slide-image\" src=\"https:\/\/salmansfurniture.com\/tr\/wp-content\/uploads\/2026\/04\/Screenshot-2569-04-02-at-13.29.33-300x208.png\" alt=\"Screenshot 2569-04-02 at 13.29.33\" \/><\/figure><\/a><\/div>\t\t\t<\/div>\n\t\t\t\t\t\t\t\t\t\t\t\t<div class=\"elementor-swiper-button elementor-swiper-button-prev\" role=\"button\" tabindex=\"0\">\n\t\t\t\t\t\t<i aria-hidden=\"true\" class=\"eicon-chevron-left\"><\/i>\t\t\t\t\t<\/div>\n\t\t\t\t\t<div class=\"elementor-swiper-button elementor-swiper-button-next\" role=\"button\" tabindex=\"0\">\n\t\t\t\t\t\t<i aria-hidden=\"true\" class=\"eicon-chevron-right\"><\/i>\t\t\t\t\t<\/div>\n\t\t\t\t\n\t\t\t\t\t\t\t\t\t<div class=\"swiper-pagination\"><\/div>\n\t\t\t\t\t\t\t\t\t<\/div>\n\t\t\t\t\t\t<\/div>\n\t\t\t\t<\/div>\n\t\t\t\t\t<\/div>\n\t\t<\/div>\n\t\t\t\t<div class=\"elementor-column elementor-col-50 elementor-top-column elementor-element elementor-element-79eaa1e\" data-id=\"79eaa1e\" data-element_type=\"column\" data-e-type=\"column\">\n\t\t\t<div class=\"elementor-widget-wrap elementor-element-populated\">\n\t\t\t\t\t\t<div class=\"elementor-element elementor-element-3e132f6 elementor-widget elementor-widget-text-editor\" data-id=\"3e132f6\" data-element_type=\"widget\" data-e-type=\"widget\" data-widget_type=\"text-editor.default\">\n\t\t\t\t<div class=\"elementor-widget-container\">\n\t\t\t\t\t\t\t\t\t<p>BASINDA BIZ<\/p><p><a href=\"https:\/\/www.dr-light.com\/magazine\/mar-2026\/76\/\">https:\/\/www.dr-light.com\/magazine\/mar-2026\/76\/<\/a><\/p><p>https:\/\/www.dr-light.com\/magazine\/feb-2023\/24\/<\/p><p>\u00a0<\/p>\t\t\t\t\t\t\t\t<\/div>\n\t\t\t\t<\/div>\n\t\t\t\t\t<\/div>\n\t\t<\/div>\n\t\t\t\t\t<\/div>\n\t\t<\/section>\n\t\t\t\t<\/div>\n\t\t","protected":false},"excerpt":{"rendered":"<p>Hakk\u0131m\u0131zda \u201cMarangozlu\u011fa olan tutkumuzun k\u00f6kleri \u00fc\u00e7 nesile uzanan aile geleneklerine dayanmaktad\u0131r. Mesle\u011fimizin miras\u0131 1950 y\u0131l\u0131nda dedemizle ba\u015flam\u0131\u015f, babam\u0131z\u0131n \u00f6zverili \u00e7al\u0131\u015fmalar\u0131yla devam etmi\u015f ve bizde de ayn\u0131 tutku ve sevgiyle s\u00fcrd\u00fcr\u00fclmektedir. Ustal\u0131\u011f\u0131m\u0131z\u0131 ve sevgimizi sizlerle payla\u015farak, kendi ailenizin geleneklerine marangozlukla g\u00fczel mekanlar yaratarak gelenekten gelece\u011fe yolculu\u011fa devam etmenin heyecan\u0131n\u0131 ya\u015f\u0131yoruz. Yaratt\u0131\u011f\u0131m\u0131z her \u015feyde, sadece ustal\u0131\u011f\u0131m\u0131z\u0131 ve&hellip;<\/p>\n","protected":false},"author":1,"featured_media":25,"parent":0,"menu_order":0,"comment_status":"closed","ping_status":"closed","template":"","meta":{"footnotes":""},"class_list":["post-1004","page","type-page","status-publish","has-post-thumbnail","hentry"],"_links":{"self":[{"href":"https:\/\/salmansfurniture.com\/tr\/wp-json\/wp\/v2\/pages\/1004","targetHints":{"allow":["GET"]}}],"collection":[{"href":"https:\/\/salmansfurniture.com\/tr\/wp-json\/wp\/v2\/pages"}],"about":[{"href":"https:\/\/salmansfurniture.com\/tr\/wp-json\/wp\/v2\/types\/page"}],"author":[{"embeddable":true,"href":"https:\/\/salmansfurniture.com\/tr\/wp-json\/wp\/v2\/users\/1"}],"replies":[{"embeddable":true,"href":"https:\/\/salmansfurniture.com\/tr\/wp-json\/wp\/v2\/comments?post=1004"}],"version-history":[{"count":31,"href":"https:\/\/salmansfurniture.com\/tr\/wp-json\/wp\/v2\/pages\/1004\/revisions"}],"predecessor-version":[{"id":1262,"href":"https:\/\/salmansfurniture.com\/tr\/wp-json\/wp\/v2\/pages\/1004\/revisions\/1262"}],"wp:featuredmedia":[{"embeddable":true,"href":"https:\/\/salmansfurniture.com\/tr\/wp-json\/wp\/v2\/media\/25"}],"wp:attachment":[{"href":"https:\/\/salmansfurniture.com\/tr\/wp-json\/wp\/v2\/media?parent=1004"}],"curies":[{"name":"wp","href":"https:\/\/api.w.org\/{rel}","templated":true}]}}